{"id":51,"date":"2021-02-24T08:35:15","date_gmt":"2021-02-24T08:35:15","guid":{"rendered":"http:\/\/e42059.easyhosting.at\/?page_id=51"},"modified":"2021-11-04T10:09:46","modified_gmt":"2021-11-04T10:09:46","slug":"herzlich-willkommen-bei-vital-pharma","status":"publish","type":"page","link":"https:\/\/e42059.easyhosting.at\/","title":{"rendered":"Startseite"},"content":{"rendered":"\n<div id=\"metaslider-id-85\" style=\"width: 100%; margin: 0 auto;\" class=\"ml-slider-3-23-4 metaslider metaslider-flex metaslider-85 ml-slider ms-theme-bubble has-dots-nav\">\n    <div id=\"metaslider_container_85\">\n        <div id=\"metaslider_85\">\n            <ul aria-live=\"polite\" class=\"slides\">\n                <li style=\"display: block; width: 100%;\" class=\"slide-130 ms-image\"><img loading=\"lazy\" decoding=\"async\" src=\"https:\/\/e42059.easyhosting.at\/wp-content\/uploads\/2021\/03\/VPH_Bilder_Website_1-700x300.jpg\" height=\"300\" width=\"700\" alt=\"\" class=\"slider-85 slide-130\" title=\"VPH_Bilder_Website_1\" \/><\/li>\n                <li style=\"display: none; width: 100%;\" class=\"slide-133 ms-image\"><img loading=\"lazy\" decoding=\"async\" src=\"https:\/\/e42059.easyhosting.at\/wp-content\/uploads\/2021\/03\/VPH_Bilder_Website_2-700x300.jpg\" height=\"300\" width=\"700\" alt=\"\" class=\"slider-85 slide-133\" title=\"VPH_Bilder_Website_2\" \/><\/li>\n                <li style=\"display: none; width: 100%;\" class=\"slide-359 ms-image\"><img loading=\"lazy\" decoding=\"async\" src=\"https:\/\/e42059.easyhosting.at\/wp-content\/uploads\/2021\/11\/fusion-medical-animation-EAgGqOiDDMg-unsplash-scaled-700x300.jpg\" height=\"300\" width=\"700\" alt=\"\" class=\"slider-85 slide-359\" title=\"fusion-medical-animation-EAgGqOiDDMg-unsplash\" \/><\/li>\n            <\/ul>\n        <\/div>\n        \n    <\/div>\n<\/div>\n\n\n\n<p> <\/p>\n\n\n\n<div class=\"wp-block-columns is-layout-flex wp-container-core-columns-is-layout-9d6595d7 wp-block-columns-is-layout-flex\">\n<div class=\"wp-block-column is-layout-flow wp-block-column-is-layout-flow\">\n<figure class=\"wp-block-image size-large animated bounceInLeft\"><a href=\"https:\/\/e42059.easyhosting.at\/?page_id=115\"><img loading=\"lazy\" decoding=\"async\" width=\"1024\" height=\"853\" src=\"http:\/\/e42059.easyhosting.at\/wp-content\/uploads\/2021\/03\/VPH_Icon_Ueber-uns2-1024x853.png\" alt=\"\" class=\"wp-image-216\" srcset=\"https:\/\/e42059.easyhosting.at\/wp-content\/uploads\/2021\/03\/VPH_Icon_Ueber-uns2-1024x853.png 1024w, https:\/\/e42059.easyhosting.at\/wp-content\/uploads\/2021\/03\/VPH_Icon_Ueber-uns2-300x250.png 300w, https:\/\/e42059.easyhosting.at\/wp-content\/uploads\/2021\/03\/VPH_Icon_Ueber-uns2-768x640.png 768w, https:\/\/e42059.easyhosting.at\/wp-content\/uploads\/2021\/03\/VPH_Icon_Ueber-uns2-1536x1280.png 1536w, https:\/\/e42059.easyhosting.at\/wp-content\/uploads\/2021\/03\/VPH_Icon_Ueber-uns2.png 1920w\" sizes=\"auto, (max-width: 1024px) 100vw, 1024px\" \/><\/a><\/figure>\n<\/div>\n\n\n\n<div class=\"wp-block-column is-layout-flow wp-block-column-is-layout-flow\">\n<figure class=\"wp-block-image size-large animated bounceInLeft delay-500ms\"><a href=\"http:\/\/e42059.easyhosting.at\/?page_id=14\"><img loading=\"lazy\" decoding=\"async\" width=\"1024\" height=\"853\" src=\"http:\/\/e42059.easyhosting.at\/wp-content\/uploads\/2021\/03\/VPH_Icon_Produkte2-1024x853.png\" alt=\"\" class=\"wp-image-218\" srcset=\"https:\/\/e42059.easyhosting.at\/wp-content\/uploads\/2021\/03\/VPH_Icon_Produkte2-1024x853.png 1024w, https:\/\/e42059.easyhosting.at\/wp-content\/uploads\/2021\/03\/VPH_Icon_Produkte2-300x250.png 300w, https:\/\/e42059.easyhosting.at\/wp-content\/uploads\/2021\/03\/VPH_Icon_Produkte2-768x640.png 768w, https:\/\/e42059.easyhosting.at\/wp-content\/uploads\/2021\/03\/VPH_Icon_Produkte2-1536x1280.png 1536w, https:\/\/e42059.easyhosting.at\/wp-content\/uploads\/2021\/03\/VPH_Icon_Produkte2.png 1920w\" sizes=\"auto, (max-width: 1024px) 100vw, 1024px\" \/><\/a><\/figure>\n<\/div>\n\n\n\n<div class=\"wp-block-column is-layout-flow wp-block-column-is-layout-flow\">\n<figure class=\"wp-block-image size-large animated bounceInLeft delay-1s\"><a href=\"http:\/\/e42059.easyhosting.at\/?page_id=18\"><img loading=\"lazy\" decoding=\"async\" width=\"1024\" height=\"853\" src=\"http:\/\/e42059.easyhosting.at\/wp-content\/uploads\/2021\/03\/VPH_Icon_Partner2-1024x853.png\" alt=\"\" class=\"wp-image-217\" srcset=\"https:\/\/e42059.easyhosting.at\/wp-content\/uploads\/2021\/03\/VPH_Icon_Partner2-1024x853.png 1024w, https:\/\/e42059.easyhosting.at\/wp-content\/uploads\/2021\/03\/VPH_Icon_Partner2-300x250.png 300w, https:\/\/e42059.easyhosting.at\/wp-content\/uploads\/2021\/03\/VPH_Icon_Partner2-768x640.png 768w, https:\/\/e42059.easyhosting.at\/wp-content\/uploads\/2021\/03\/VPH_Icon_Partner2-1536x1280.png 1536w, https:\/\/e42059.easyhosting.at\/wp-content\/uploads\/2021\/03\/VPH_Icon_Partner2.png 1920w\" sizes=\"auto, (max-width: 1024px) 100vw, 1024px\" \/><\/a><\/figure>\n<\/div>\n<\/div>\n\n\n\n<p class=\"has-text-align-center\"><strong>HERZLICH WILLKOMMEN BEI VITAL PHARMA &#8211;<\/strong><br><strong>IHR DISTRIBUTEUR VON MEDIZINISCHEN UND PHARMAZEUTISCHEN PRODUKTEN<\/strong><\/p>\n\n\n\n<p class=\"has-text-align-center has-text-color\" style=\"color:#da291c;font-size:47px\">Zuverl\u00e4ssig, flexibel und qualit\u00e4tsorientiert<\/p>\n\n\n\n<p class=\"has-text-align-center has-black-color has-text-color\" style=\"font-size:25px\"><strong>Wir bieten ein breites Leistungsspektrum von der Entwicklung \u00fcber den Handel bis hin zum Vertrieb von medizinischen oder pharmazeutischen Produkten.<\/strong><\/p>\n\n\n\n<div class=\"wp-block-columns is-layout-flex wp-container-core-columns-is-layout-9d6595d7 wp-block-columns-is-layout-flex\">\n<div class=\"wp-block-column is-layout-flow wp-block-column-is-layout-flow\">\n<p>Die kontinuierliche Sortimentspflege und die laufende Weiterentwicklung haben bei uns einen entscheidenden Stellenwert. Die Gesundheit und das Wohlergehen der Menschen stehen bei uns im Mittelpunkt \u2013 besonders in dieser herausfordernden Zeit.<\/p>\n<\/div>\n\n\n\n<div class=\"wp-block-column is-layout-flow wp-block-column-is-layout-flow\">\n<p>F\u00fcr VITAL PHARMA ist Qualit\u00e4t mehr als nur ein Wort. Selbstverst\u00e4ndlich liefern wir zu dem gew\u00fcnschten Zeitpunkt und an den Ort, an dem Sie unsere Produkte ben\u00f6tigen. Zuverl\u00e4ssigkeit, Kompetenz, Freundlichkeit und Flexibilit\u00e4t \u2013 auch diese Qualit\u00e4tsmerkmale sind ein wesentlicher Bestandteil unseres Anspruchs an uns selbst.<\/p>\n<\/div>\n<\/div>\n\n\n\n<figure class=\"wp-block-image alignfull size-full animated bounceIn is-style-default\"><img loading=\"lazy\" decoding=\"async\" width=\"908\" height=\"279\" src=\"https:\/\/e42059.easyhosting.at\/wp-content\/uploads\/2021\/11\/7db6de_cffbba53327a487aa2df059b2e8eea15-Kopie.jpg\" alt=\"\" class=\"wp-image-371\" srcset=\"https:\/\/e42059.easyhosting.at\/wp-content\/uploads\/2021\/11\/7db6de_cffbba53327a487aa2df059b2e8eea15-Kopie.jpg 908w, https:\/\/e42059.easyhosting.at\/wp-content\/uploads\/2021\/11\/7db6de_cffbba53327a487aa2df059b2e8eea15-Kopie-300x92.jpg 300w, https:\/\/e42059.easyhosting.at\/wp-content\/uploads\/2021\/11\/7db6de_cffbba53327a487aa2df059b2e8eea15-Kopie-768x236.jpg 768w\" sizes=\"auto, (max-width: 908px) 100vw, 908px\" \/><\/figure>\n\n\n\n<p><\/p>\n\n\n\n<div class=\"wp-block-columns is-layout-flex wp-container-core-columns-is-layout-9d6595d7 wp-block-columns-is-layout-flex\">\n<div class=\"wp-block-column is-layout-flow wp-block-column-is-layout-flow\">\n<p style=\"font-size:25px\"><strong>COVID-19 SCHUTZARTIKEL<\/strong><\/p>\n\n\n\n<p>Um auf die Ausbreitung des Corona-Virus entgegenzuwirken haben wir unsere Produktpalette auf die Pr\u00e4vention und den Schutz gegen Covid-19 ausgeweitet. Aktuell bieten wir FFP2-Schutzmasken \u2013 Made in Austria \u2013 in verschiedenen Farben, Antigen-Schnelltests in unterschiedlichen Ausf\u00fchrungen sowie Desinfektionsmittel in diversen Varianten an. Sch\u00fctzen Sie sich und Ihre Mitmenschen \u2013 wir unterst\u00fctzen Sie dabei individuell und stehen Ihnen als starker Partner zur Seite.<\/p>\n<\/div>\n\n\n\n<div class=\"wp-block-column is-layout-flow wp-block-column-is-layout-flow\">\n<figure class=\"wp-block-image size-large\"><img loading=\"lazy\" decoding=\"async\" width=\"1024\" height=\"576\" src=\"http:\/\/e42059.easyhosting.at\/wp-content\/uploads\/2021\/11\/fusion-medical-animation-EAgGqOiDDMg-unsplash-1024x576.jpg\" alt=\"\" class=\"wp-image-358\" srcset=\"https:\/\/e42059.easyhosting.at\/wp-content\/uploads\/2021\/11\/fusion-medical-animation-EAgGqOiDDMg-unsplash-1024x576.jpg 1024w, https:\/\/e42059.easyhosting.at\/wp-content\/uploads\/2021\/11\/fusion-medical-animation-EAgGqOiDDMg-unsplash-300x169.jpg 300w, https:\/\/e42059.easyhosting.at\/wp-content\/uploads\/2021\/11\/fusion-medical-animation-EAgGqOiDDMg-unsplash-768x432.jpg 768w, https:\/\/e42059.easyhosting.at\/wp-content\/uploads\/2021\/11\/fusion-medical-animation-EAgGqOiDDMg-unsplash-1536x864.jpg 1536w, https:\/\/e42059.easyhosting.at\/wp-content\/uploads\/2021\/11\/fusion-medical-animation-EAgGqOiDDMg-unsplash-2048x1152.jpg 2048w\" sizes=\"auto, (max-width: 1024px) 100vw, 1024px\" \/><\/figure>\n<\/div>\n<\/div>\n\n\n\n<p><\/p>\n","protected":false},"excerpt":{"rendered":"<p>HERZLICH WILLKOMMEN BEI VITAL PHARMA &#8211;IHR DISTRIBUTEUR VON MEDIZINISCHEN UND PHARMAZEUTISCHEN PRODUKTEN Zuverl\u00e4ssig, flexibel und qualit\u00e4tsorientiert Wir bieten ein breites Leistungsspektrum von der Entwicklung \u00fcber den Handel bis hin zum Vertrieb von medizinischen oder pharmazeutischen Produkten. Die kontinuierliche Sortimentspflege und die laufende Weiterentwicklung haben bei uns einen entscheidenden Stellenwert. Die Gesundheit und das Wohlergehen der Menschen stehen bei uns im [&hellip;]<\/p>\n","protected":false},"author":1,"featured_media":0,"parent":0,"menu_order":0,"comment_status":"closed","ping_status":"closed","template":"","meta":{"footnotes":""},"class_list":["post-51","page","type-page","status-publish","hentry"],"_links":{"self":[{"href":"https:\/\/e42059.easyhosting.at\/index.php?rest_route=\/wp\/v2\/pages\/51","targetHints":{"allow":["GET"]}}],"collection":[{"href":"https:\/\/e42059.easyhosting.at\/index.php?rest_route=\/wp\/v2\/pages"}],"about":[{"href":"https:\/\/e42059.easyhosting.at\/index.php?rest_route=\/wp\/v2\/types\/page"}],"author":[{"embeddable":true,"href":"https:\/\/e42059.easyhosting.at\/index.php?rest_route=\/wp\/v2\/users\/1"}],"replies":[{"embeddable":true,"href":"https:\/\/e42059.easyhosting.at\/index.php?rest_route=%2Fwp%2Fv2%2Fcomments&post=51"}],"version-history":[{"count":111,"href":"https:\/\/e42059.easyhosting.at\/index.php?rest_route=\/wp\/v2\/pages\/51\/revisions"}],"predecessor-version":[{"id":386,"href":"https:\/\/e42059.easyhosting.at\/index.php?rest_route=\/wp\/v2\/pages\/51\/revisions\/386"}],"wp:attachment":[{"href":"https:\/\/e42059.easyhosting.at\/index.php?rest_route=%2Fwp%2Fv2%2Fmedia&parent=51"}],"curies":[{"name":"wp","href":"https:\/\/api.w.org\/{rel}","templated":true}]}}