{"id":479,"date":"2021-11-24T07:58:42","date_gmt":"2021-11-24T07:58:42","guid":{"rendered":"https:\/\/e42059.easyhosting.at\/?page_id=479"},"modified":"2021-11-26T10:05:45","modified_gmt":"2021-11-26T10:05:45","slug":"xenomed","status":"publish","type":"page","link":"https:\/\/e42059.easyhosting.at\/?page_id=479","title":{"rendered":"Xenomed"},"content":{"rendered":"\n<div class=\"wp-block-media-text alignwide is-stacked-on-mobile\"><figure class=\"wp-block-media-text__media\"><img loading=\"lazy\" decoding=\"async\" width=\"1024\" height=\"576\" src=\"http:\/\/e42059.easyhosting.at\/wp-content\/uploads\/2021\/11\/Xenomed_Alk-1024x576.jpg\" alt=\"\" class=\"wp-image-615 size-full\" srcset=\"https:\/\/e42059.easyhosting.at\/wp-content\/uploads\/2021\/11\/Xenomed_Alk-1024x576.jpg 1024w, https:\/\/e42059.easyhosting.at\/wp-content\/uploads\/2021\/11\/Xenomed_Alk-300x169.jpg 300w, https:\/\/e42059.easyhosting.at\/wp-content\/uploads\/2021\/11\/Xenomed_Alk-768x432.jpg 768w, https:\/\/e42059.easyhosting.at\/wp-content\/uploads\/2021\/11\/Xenomed_Alk-1536x864.jpg 1536w, https:\/\/e42059.easyhosting.at\/wp-content\/uploads\/2021\/11\/Xenomed_Alk.jpg 1920w\" sizes=\"auto, (max-width: 1024px) 100vw, 1024px\" \/><\/figure><div class=\"wp-block-media-text__content\">\n<p class=\"has-large-font-size\">Alkoholische H\u00e4ndedesinfektion<\/p>\n\n\n\n<p>100 ml \/ 500 ml \/ 1.000 ml \/ 10 l<\/p>\n\n\n\n<ul class=\"wp-block-list\"><li>schnelle Wirksamkeit<\/li><li>gegen Bakterien und Viren<\/li><li>effektive Personalhygiene<\/li><li>hygienisches H\u00e4ndedesinfektionsmittel<\/li><li>geeignet fu\u0308r Lebensmittelbetrieb und Ku\u0308chen<\/li><\/ul>\n<\/div><\/div>\n\n\n\n<div class=\"wp-block-media-text alignwide is-stacked-on-mobile\"><figure class=\"wp-block-media-text__media\"><img loading=\"lazy\" decoding=\"async\" width=\"1024\" height=\"576\" src=\"http:\/\/e42059.easyhosting.at\/wp-content\/uploads\/2021\/11\/Xenomed_Flaechendesinfektion-1024x576.jpg\" alt=\"\" class=\"wp-image-616 size-full\" srcset=\"https:\/\/e42059.easyhosting.at\/wp-content\/uploads\/2021\/11\/Xenomed_Flaechendesinfektion-1024x576.jpg 1024w, https:\/\/e42059.easyhosting.at\/wp-content\/uploads\/2021\/11\/Xenomed_Flaechendesinfektion-300x169.jpg 300w, https:\/\/e42059.easyhosting.at\/wp-content\/uploads\/2021\/11\/Xenomed_Flaechendesinfektion-768x432.jpg 768w, https:\/\/e42059.easyhosting.at\/wp-content\/uploads\/2021\/11\/Xenomed_Flaechendesinfektion-1536x864.jpg 1536w, https:\/\/e42059.easyhosting.at\/wp-content\/uploads\/2021\/11\/Xenomed_Flaechendesinfektion.jpg 1920w\" sizes=\"auto, (max-width: 1024px) 100vw, 1024px\" \/><\/figure><div class=\"wp-block-media-text__content\">\n<p class=\"has-large-font-size\">Fl\u00e4chendesinfektion<\/p>\n\n\n\n<p>Rein pflanzlich &amp; parf\u00fcmfrei<\/p>\n\n\n\n<p>500 ml \/ 1 l \/ 10 l<\/p>\n\n\n\n<ul class=\"wp-block-list\"><li>Gebrauchsfertige Schnelldesinfektion zum Desinfizieren von Arbeitsfl\u00e4chen, M\u00f6bel, Sanit\u00e4rbereich, etc.<\/li><li>Verwendbar im Lebensmittel- und Gesundheitsbereich.<\/li><\/ul>\n<\/div><\/div>\n\n\n\n<div class=\"wp-block-media-text alignwide is-stacked-on-mobile\"><figure class=\"wp-block-media-text__media\"><img loading=\"lazy\" decoding=\"async\" width=\"1024\" height=\"576\" src=\"http:\/\/e42059.easyhosting.at\/wp-content\/uploads\/2021\/11\/Xenomed_Cold-Hot-1024x576.jpg\" alt=\"\" class=\"wp-image-618 size-full\" srcset=\"https:\/\/e42059.easyhosting.at\/wp-content\/uploads\/2021\/11\/Xenomed_Cold-Hot-1024x576.jpg 1024w, https:\/\/e42059.easyhosting.at\/wp-content\/uploads\/2021\/11\/Xenomed_Cold-Hot-300x169.jpg 300w, https:\/\/e42059.easyhosting.at\/wp-content\/uploads\/2021\/11\/Xenomed_Cold-Hot-768x432.jpg 768w, https:\/\/e42059.easyhosting.at\/wp-content\/uploads\/2021\/11\/Xenomed_Cold-Hot-1536x864.jpg 1536w, https:\/\/e42059.easyhosting.at\/wp-content\/uploads\/2021\/11\/Xenomed_Cold-Hot.jpg 1920w\" sizes=\"auto, (max-width: 1024px) 100vw, 1024px\" \/><\/figure><div class=\"wp-block-media-text__content\">\n<p class=\"has-large-font-size\">Gel-K\u00e4lte-W\u00e4rmepackungen<\/p>\n\n\n\n<p>Gel-Cold-Hotpack<\/p>\n<\/div><\/div>\n","protected":false},"excerpt":{"rendered":"<p>Alkoholische H\u00e4ndedesinfektion 100 ml \/ 500 ml \/ 1.000 ml \/ 10 l schnelle Wirksamkeit gegen Bakterien und Viren effektive Personalhygiene hygienisches H\u00e4ndedesinfektionsmittel geeignet fu\u0308r Lebensmittelbetrieb und Ku\u0308chen Fl\u00e4chendesinfektion Rein pflanzlich &amp; parf\u00fcmfrei 500 ml \/ 1 l \/ 10 l Gebrauchsfertige Schnelldesinfektion zum Desinfizieren von Arbeitsfl\u00e4chen, M\u00f6bel, Sanit\u00e4rbereich, etc. Verwendbar im Lebensmittel- und Gesundheitsbereich. Gel-K\u00e4lte-W\u00e4rmepackungen Gel-Cold-Hotpack<\/p>\n","protected":false},"author":1,"featured_media":0,"parent":14,"menu_order":0,"comment_status":"closed","ping_status":"closed","template":"","meta":{"footnotes":""},"class_list":["post-479","page","type-page","status-publish","hentry"],"_links":{"self":[{"href":"https:\/\/e42059.easyhosting.at\/index.php?rest_route=\/wp\/v2\/pages\/479","targetHints":{"allow":["GET"]}}],"collection":[{"href":"https:\/\/e42059.easyhosting.at\/index.php?rest_route=\/wp\/v2\/pages"}],"about":[{"href":"https:\/\/e42059.easyhosting.at\/index.php?rest_route=\/wp\/v2\/types\/page"}],"author":[{"embeddable":true,"href":"https:\/\/e42059.easyhosting.at\/index.php?rest_route=\/wp\/v2\/users\/1"}],"replies":[{"embeddable":true,"href":"https:\/\/e42059.easyhosting.at\/index.php?rest_route=%2Fwp%2Fv2%2Fcomments&post=479"}],"version-history":[{"count":7,"href":"https:\/\/e42059.easyhosting.at\/index.php?rest_route=\/wp\/v2\/pages\/479\/revisions"}],"predecessor-version":[{"id":619,"href":"https:\/\/e42059.easyhosting.at\/index.php?rest_route=\/wp\/v2\/pages\/479\/revisions\/619"}],"up":[{"embeddable":true,"href":"https:\/\/e42059.easyhosting.at\/index.php?rest_route=\/wp\/v2\/pages\/14"}],"wp:attachment":[{"href":"https:\/\/e42059.easyhosting.at\/index.php?rest_route=%2Fwp%2Fv2%2Fmedia&parent=479"}],"curies":[{"name":"wp","href":"https:\/\/api.w.org\/{rel}","templated":true}]}}