{"id":475,"date":"2021-11-24T07:57:41","date_gmt":"2021-11-24T07:57:41","guid":{"rendered":"https:\/\/e42059.easyhosting.at\/?page_id=475"},"modified":"2021-11-26T12:21:48","modified_gmt":"2021-11-26T12:21:48","slug":"kneipp","status":"publish","type":"page","link":"https:\/\/e42059.easyhosting.at\/?page_id=475","title":{"rendered":"Kneipp"},"content":{"rendered":"\n<div class=\"wp-block-media-text alignwide is-stacked-on-mobile\"><figure class=\"wp-block-media-text__media\"><img loading=\"lazy\" decoding=\"async\" width=\"1024\" height=\"576\" src=\"http:\/\/e42059.easyhosting.at\/wp-content\/uploads\/2021\/11\/Kneipp_Naturkind-1024x576.jpg\" alt=\"\" class=\"wp-image-651 size-full\" srcset=\"https:\/\/e42059.easyhosting.at\/wp-content\/uploads\/2021\/11\/Kneipp_Naturkind-1024x576.jpg 1024w, https:\/\/e42059.easyhosting.at\/wp-content\/uploads\/2021\/11\/Kneipp_Naturkind-300x169.jpg 300w, https:\/\/e42059.easyhosting.at\/wp-content\/uploads\/2021\/11\/Kneipp_Naturkind-768x432.jpg 768w, https:\/\/e42059.easyhosting.at\/wp-content\/uploads\/2021\/11\/Kneipp_Naturkind-1536x864.jpg 1536w, https:\/\/e42059.easyhosting.at\/wp-content\/uploads\/2021\/11\/Kneipp_Naturkind.jpg 1920w\" sizes=\"auto, (max-width: 1024px) 100vw, 1024px\" \/><\/figure><div class=\"wp-block-media-text__content\">\n<p class=\"has-large-font-size\">Kneipp Naturkind<\/p>\n\n\n\n<ul class=\"wp-block-list\"><li>Kinder Erk\u00e4ltungszeit Bade-Essenz<\/li><li>Matschmonster Schlechtwetter-Schaumbad<\/li><li>Farbzauberbad<\/li><li>Badesalz mit Sandf\u00f6rmchen<\/li><li>Sprudelbad<\/li><li>Schaumbad<\/li><\/ul>\n<\/div><\/div>\n\n\n\n<div class=\"wp-block-media-text alignwide is-stacked-on-mobile\"><figure class=\"wp-block-media-text__media\"><img loading=\"lazy\" decoding=\"async\" width=\"1024\" height=\"576\" src=\"http:\/\/e42059.easyhosting.at\/wp-content\/uploads\/2021\/11\/Kneipp_Badekristalle-1024x576.jpg\" alt=\"\" class=\"wp-image-643 size-full\" srcset=\"https:\/\/e42059.easyhosting.at\/wp-content\/uploads\/2021\/11\/Kneipp_Badekristalle-1024x576.jpg 1024w, https:\/\/e42059.easyhosting.at\/wp-content\/uploads\/2021\/11\/Kneipp_Badekristalle-300x169.jpg 300w, https:\/\/e42059.easyhosting.at\/wp-content\/uploads\/2021\/11\/Kneipp_Badekristalle-768x432.jpg 768w, https:\/\/e42059.easyhosting.at\/wp-content\/uploads\/2021\/11\/Kneipp_Badekristalle-1536x864.jpg 1536w, https:\/\/e42059.easyhosting.at\/wp-content\/uploads\/2021\/11\/Kneipp_Badekristalle.jpg 1920w\" sizes=\"auto, (max-width: 1024px) 100vw, 1024px\" \/><\/figure><div class=\"wp-block-media-text__content\">\n<p class=\"has-large-font-size\">Badekristalle<\/p>\n\n\n\n<ul class=\"wp-block-list\"><li>Alles wird gut<\/li><li>Hab dich lieb<\/li><li>Zeit zu feiern<\/li><li>Frostbeulen-Bad<\/li><li>Sch(l)af sch\u00f6n<\/li><li>Viel Gl\u00fcck<\/li><\/ul>\n<\/div><\/div>\n\n\n\n<div class=\"wp-block-media-text alignwide is-stacked-on-mobile\"><figure class=\"wp-block-media-text__media\"><img loading=\"lazy\" decoding=\"async\" width=\"1024\" height=\"576\" src=\"http:\/\/e42059.easyhosting.at\/wp-content\/uploads\/2021\/11\/Kneipp_Aroma-Pflegedusche-1024x576.jpg\" alt=\"\" class=\"wp-image-642 size-full\" srcset=\"https:\/\/e42059.easyhosting.at\/wp-content\/uploads\/2021\/11\/Kneipp_Aroma-Pflegedusche-1024x576.jpg 1024w, https:\/\/e42059.easyhosting.at\/wp-content\/uploads\/2021\/11\/Kneipp_Aroma-Pflegedusche-300x169.jpg 300w, https:\/\/e42059.easyhosting.at\/wp-content\/uploads\/2021\/11\/Kneipp_Aroma-Pflegedusche-768x432.jpg 768w, https:\/\/e42059.easyhosting.at\/wp-content\/uploads\/2021\/11\/Kneipp_Aroma-Pflegedusche-1536x864.jpg 1536w, https:\/\/e42059.easyhosting.at\/wp-content\/uploads\/2021\/11\/Kneipp_Aroma-Pflegedusche.jpg 1920w\" sizes=\"auto, (max-width: 1024px) 100vw, 1024px\" \/><\/figure><div class=\"wp-block-media-text__content\">\n<p class=\"has-large-font-size\">Aroma-Pflege-Duschen<\/p>\n\n\n\n<ul class=\"wp-block-list\"><li>Sei frei, verr\u00fcckt und gl\u00fccklich<\/li><li>Gl\u00fcckliche Auszeit<\/li><li>Gute Laune<\/li><li>Lebensfreude<\/li><li>Muntermacher<\/li><li>Stressfrei<\/li><\/ul>\n<\/div><\/div>\n\n\n\n<div class=\"wp-block-media-text alignwide is-stacked-on-mobile\"><figure class=\"wp-block-media-text__media\"><img loading=\"lazy\" decoding=\"async\" width=\"1024\" height=\"576\" src=\"http:\/\/e42059.easyhosting.at\/wp-content\/uploads\/2021\/11\/Kneipp_Cremedusche-1024x576.jpg\" alt=\"\" class=\"wp-image-644 size-full\" srcset=\"https:\/\/e42059.easyhosting.at\/wp-content\/uploads\/2021\/11\/Kneipp_Cremedusche-1024x576.jpg 1024w, https:\/\/e42059.easyhosting.at\/wp-content\/uploads\/2021\/11\/Kneipp_Cremedusche-300x169.jpg 300w, https:\/\/e42059.easyhosting.at\/wp-content\/uploads\/2021\/11\/Kneipp_Cremedusche-768x432.jpg 768w, https:\/\/e42059.easyhosting.at\/wp-content\/uploads\/2021\/11\/Kneipp_Cremedusche-1536x864.jpg 1536w, https:\/\/e42059.easyhosting.at\/wp-content\/uploads\/2021\/11\/Kneipp_Cremedusche.jpg 1920w\" sizes=\"auto, (max-width: 1024px) 100vw, 1024px\" \/><\/figure><div class=\"wp-block-media-text__content\">\n<p class=\"has-large-font-size\">Cremedusche<\/p>\n\n\n\n<ul class=\"wp-block-list\"><li>Hautzarte Verw\u00f6hnung<\/li><\/ul>\n<\/div><\/div>\n\n\n\n<div class=\"wp-block-media-text alignwide is-stacked-on-mobile\"><figure class=\"wp-block-media-text__media\"><img loading=\"lazy\" decoding=\"async\" width=\"1024\" height=\"576\" src=\"http:\/\/e42059.easyhosting.at\/wp-content\/uploads\/2021\/11\/Kneipp_Duschbalsam-1024x576.jpg\" alt=\"\" class=\"wp-image-647 size-full\" srcset=\"https:\/\/e42059.easyhosting.at\/wp-content\/uploads\/2021\/11\/Kneipp_Duschbalsam-1024x576.jpg 1024w, https:\/\/e42059.easyhosting.at\/wp-content\/uploads\/2021\/11\/Kneipp_Duschbalsam-300x169.jpg 300w, https:\/\/e42059.easyhosting.at\/wp-content\/uploads\/2021\/11\/Kneipp_Duschbalsam-768x432.jpg 768w, https:\/\/e42059.easyhosting.at\/wp-content\/uploads\/2021\/11\/Kneipp_Duschbalsam-1536x864.jpg 1536w, https:\/\/e42059.easyhosting.at\/wp-content\/uploads\/2021\/11\/Kneipp_Duschbalsam.jpg 1920w\" sizes=\"auto, (max-width: 1024px) 100vw, 1024px\" \/><\/figure><div class=\"wp-block-media-text__content\">\n<p class=\"has-large-font-size\">Duschbalsam<\/p>\n\n\n\n<ul class=\"wp-block-list\"><li>Mandelbl\u00fcten hautzart<\/li><li>Nachtkerze<\/li><\/ul>\n<\/div><\/div>\n\n\n\n<div class=\"wp-block-media-text alignwide is-stacked-on-mobile\"><figure class=\"wp-block-media-text__media\"><img loading=\"lazy\" decoding=\"async\" width=\"1024\" height=\"576\" src=\"http:\/\/e42059.easyhosting.at\/wp-content\/uploads\/2021\/11\/Kneipp_2in1-1024x576.jpg\" alt=\"\" class=\"wp-image-641 size-full\" srcset=\"https:\/\/e42059.easyhosting.at\/wp-content\/uploads\/2021\/11\/Kneipp_2in1-1024x576.jpg 1024w, https:\/\/e42059.easyhosting.at\/wp-content\/uploads\/2021\/11\/Kneipp_2in1-300x169.jpg 300w, https:\/\/e42059.easyhosting.at\/wp-content\/uploads\/2021\/11\/Kneipp_2in1-768x432.jpg 768w, https:\/\/e42059.easyhosting.at\/wp-content\/uploads\/2021\/11\/Kneipp_2in1-1536x864.jpg 1536w, https:\/\/e42059.easyhosting.at\/wp-content\/uploads\/2021\/11\/Kneipp_2in1.jpg 1920w\" sizes=\"auto, (max-width: 1024px) 100vw, 1024px\" \/><\/figure><div class=\"wp-block-media-text__content\">\n<p class=\"has-large-font-size\">2in1 Duschen<\/p>\n\n\n\n<ul class=\"wp-block-list\"><li>Startklar<\/li><li>M\u00e4nnersache 2.0<\/li><li>Kraftvoll<\/li><li>Duschtonic<\/li><\/ul>\n<\/div><\/div>\n\n\n\n<div class=\"wp-block-media-text alignwide is-stacked-on-mobile\"><figure class=\"wp-block-media-text__media\"><img loading=\"lazy\" decoding=\"async\" width=\"1024\" height=\"576\" src=\"http:\/\/e42059.easyhosting.at\/wp-content\/uploads\/2021\/11\/Kneipp_Erkaeltung-1024x576.jpg\" alt=\"\" class=\"wp-image-648 size-full\" srcset=\"https:\/\/e42059.easyhosting.at\/wp-content\/uploads\/2021\/11\/Kneipp_Erkaeltung-1024x576.jpg 1024w, https:\/\/e42059.easyhosting.at\/wp-content\/uploads\/2021\/11\/Kneipp_Erkaeltung-300x169.jpg 300w, https:\/\/e42059.easyhosting.at\/wp-content\/uploads\/2021\/11\/Kneipp_Erkaeltung-768x432.jpg 768w, https:\/\/e42059.easyhosting.at\/wp-content\/uploads\/2021\/11\/Kneipp_Erkaeltung-1536x864.jpg 1536w, https:\/\/e42059.easyhosting.at\/wp-content\/uploads\/2021\/11\/Kneipp_Erkaeltung.jpg 1920w\" sizes=\"auto, (max-width: 1024px) 100vw, 1024px\" \/><\/figure><div class=\"wp-block-media-text__content\">\n<p class=\"has-large-font-size\">Erk\u00e4ltungs-Wohlf\u00fchl-Sortiment<\/p>\n\n\n\n<ul class=\"wp-block-list\"><li>Badekristalle Erk\u00e4ltungszeit<\/li><li>Pflegeschaumbad Erk\u00e4ltungszeit<\/li><li>Bade-Essenz Erk\u00e4ltungszeit<\/li><\/ul>\n<\/div><\/div>\n\n\n\n<div class=\"wp-block-media-text alignwide is-stacked-on-mobile\"><figure class=\"wp-block-media-text__media\"><img loading=\"lazy\" decoding=\"async\" width=\"1024\" height=\"576\" src=\"http:\/\/e42059.easyhosting.at\/wp-content\/uploads\/2021\/11\/Kneipp_Stress-1024x576.jpg\" alt=\"\" class=\"wp-image-652 size-full\" srcset=\"https:\/\/e42059.easyhosting.at\/wp-content\/uploads\/2021\/11\/Kneipp_Stress-1024x576.jpg 1024w, https:\/\/e42059.easyhosting.at\/wp-content\/uploads\/2021\/11\/Kneipp_Stress-300x169.jpg 300w, https:\/\/e42059.easyhosting.at\/wp-content\/uploads\/2021\/11\/Kneipp_Stress-768x432.jpg 768w, https:\/\/e42059.easyhosting.at\/wp-content\/uploads\/2021\/11\/Kneipp_Stress-1536x864.jpg 1536w, https:\/\/e42059.easyhosting.at\/wp-content\/uploads\/2021\/11\/Kneipp_Stress.jpg 1920w\" sizes=\"auto, (max-width: 1024px) 100vw, 1024px\" \/><\/figure><div class=\"wp-block-media-text__content\">\n<p class=\"has-large-font-size\">Goodbye Stress<\/p>\n\n\n\n<ul class=\"wp-block-list\"><li>Badekristalle<\/li><li>K\u00f6rperlotion<\/li><li>Wirkdusche<\/li><li>Bade-Essenz<\/li><li>Duftkerze Wasserminze Rosmarin<\/li><\/ul>\n<\/div><\/div>\n\n\n\n<div class=\"wp-block-media-text alignwide is-stacked-on-mobile\"><figure class=\"wp-block-media-text__media\"><img loading=\"lazy\" decoding=\"async\" width=\"1024\" height=\"576\" src=\"http:\/\/e42059.easyhosting.at\/wp-content\/uploads\/2021\/11\/Kneipp_Lippenpflege-Farbe-1024x576.jpg\" alt=\"\" class=\"wp-image-649 size-full\" srcset=\"https:\/\/e42059.easyhosting.at\/wp-content\/uploads\/2021\/11\/Kneipp_Lippenpflege-Farbe-1024x576.jpg 1024w, https:\/\/e42059.easyhosting.at\/wp-content\/uploads\/2021\/11\/Kneipp_Lippenpflege-Farbe-300x169.jpg 300w, https:\/\/e42059.easyhosting.at\/wp-content\/uploads\/2021\/11\/Kneipp_Lippenpflege-Farbe-768x432.jpg 768w, https:\/\/e42059.easyhosting.at\/wp-content\/uploads\/2021\/11\/Kneipp_Lippenpflege-Farbe-1536x864.jpg 1536w, https:\/\/e42059.easyhosting.at\/wp-content\/uploads\/2021\/11\/Kneipp_Lippenpflege-Farbe.jpg 1920w\" sizes=\"auto, (max-width: 1024px) 100vw, 1024px\" \/><\/figure><div class=\"wp-block-media-text__content\">\n<p class=\"has-large-font-size\">Farbige Lippenpflege<\/p>\n\n\n\n<ul class=\"wp-block-list\"><li>Natu\u0308rliche Farben &amp; Pflege<\/li><li>Einfache Anwendung<\/li><li>99 % Plastikfrei<\/li><li>100 % organisches Material<\/li><\/ul>\n\n\n\n<ul class=\"wp-block-list\"><li>Natural Deep Nude<\/li><li>Natural Ros\u00e9<\/li><li>Natural Red<\/li><\/ul>\n<\/div><\/div>\n\n\n\n<div class=\"wp-block-media-text alignwide is-stacked-on-mobile\"><figure class=\"wp-block-media-text__media\"><img loading=\"lazy\" decoding=\"async\" width=\"1024\" height=\"576\" src=\"http:\/\/e42059.easyhosting.at\/wp-content\/uploads\/2021\/11\/Kneipp_Lippenpflege-1024x576.jpg\" alt=\"\" class=\"wp-image-650 size-full\" srcset=\"https:\/\/e42059.easyhosting.at\/wp-content\/uploads\/2021\/11\/Kneipp_Lippenpflege-1024x576.jpg 1024w, https:\/\/e42059.easyhosting.at\/wp-content\/uploads\/2021\/11\/Kneipp_Lippenpflege-300x169.jpg 300w, https:\/\/e42059.easyhosting.at\/wp-content\/uploads\/2021\/11\/Kneipp_Lippenpflege-768x432.jpg 768w, https:\/\/e42059.easyhosting.at\/wp-content\/uploads\/2021\/11\/Kneipp_Lippenpflege-1536x864.jpg 1536w, https:\/\/e42059.easyhosting.at\/wp-content\/uploads\/2021\/11\/Kneipp_Lippenpflege.jpg 1920w\" sizes=\"auto, (max-width: 1024px) 100vw, 1024px\" \/><\/figure><div class=\"wp-block-media-text__content\">\n<p class=\"has-large-font-size\">Lippenpflege<\/p>\n\n\n\n<ul class=\"wp-block-list\"><li>REPAIR &amp; PREVENT Pflege: die Soforthilfe, mit Extrakten aus Kamille und Melisse<\/li><li>HYDRO PFLEGE: erfrischend, wertvolle Aloe Vera und Wasserminze<\/li><li>HAUTZART: sanfter Duft, hochwertiges Mandel\u00f6l und Candelillawachs<\/li><li>100 % natu\u0308rliche Pflege mit der Kraft pflanzlicher \u00d6le, vegan<\/li><\/ul>\n\n\n\n<ul class=\"wp-block-list\"><li>Hydro Pflege Wasserminze Aloe Vera<\/li><li>Repair &amp; Prevent Melisse Kamille<\/li><li>Hautzart Mandel Candelilla<\/li><\/ul>\n<\/div><\/div>\n\n\n\n<div class=\"wp-block-media-text alignwide is-stacked-on-mobile\"><figure class=\"wp-block-media-text__media\"><img loading=\"lazy\" decoding=\"async\" width=\"1024\" height=\"576\" src=\"http:\/\/e42059.easyhosting.at\/wp-content\/uploads\/2021\/11\/Kneipp_Duftstaebchen-1024x576.jpg\" alt=\"\" class=\"wp-image-646 size-full\" srcset=\"https:\/\/e42059.easyhosting.at\/wp-content\/uploads\/2021\/11\/Kneipp_Duftstaebchen-1024x576.jpg 1024w, https:\/\/e42059.easyhosting.at\/wp-content\/uploads\/2021\/11\/Kneipp_Duftstaebchen-300x169.jpg 300w, https:\/\/e42059.easyhosting.at\/wp-content\/uploads\/2021\/11\/Kneipp_Duftstaebchen-768x432.jpg 768w, https:\/\/e42059.easyhosting.at\/wp-content\/uploads\/2021\/11\/Kneipp_Duftstaebchen-1536x864.jpg 1536w, https:\/\/e42059.easyhosting.at\/wp-content\/uploads\/2021\/11\/Kneipp_Duftstaebchen.jpg 1920w\" sizes=\"auto, (max-width: 1024px) 100vw, 1024px\" \/><\/figure><div class=\"wp-block-media-text__content\">\n<p class=\"has-large-font-size\">Kneipp Duftst\u00e4bchen<\/p>\n\n\n\n<ul class=\"wp-block-list\"><li>Litsea Cubeba \u2013 Zitrus<\/li><li>Sandelholz Patchouli \u2013 Warm-holzig<\/li><li>Lavendel \u2013 Blumig-krautig<\/li><\/ul>\n<\/div><\/div>\n\n\n\n<div class=\"wp-block-media-text alignwide is-stacked-on-mobile\"><figure class=\"wp-block-media-text__media\"><img loading=\"lazy\" decoding=\"async\" width=\"1024\" height=\"576\" src=\"http:\/\/e42059.easyhosting.at\/wp-content\/uploads\/2021\/11\/Kneipp_Duftkerze-1024x576.jpg\" alt=\"\" class=\"wp-image-645 size-full\" srcset=\"https:\/\/e42059.easyhosting.at\/wp-content\/uploads\/2021\/11\/Kneipp_Duftkerze-1024x576.jpg 1024w, https:\/\/e42059.easyhosting.at\/wp-content\/uploads\/2021\/11\/Kneipp_Duftkerze-300x169.jpg 300w, https:\/\/e42059.easyhosting.at\/wp-content\/uploads\/2021\/11\/Kneipp_Duftkerze-768x432.jpg 768w, https:\/\/e42059.easyhosting.at\/wp-content\/uploads\/2021\/11\/Kneipp_Duftkerze-1536x864.jpg 1536w, https:\/\/e42059.easyhosting.at\/wp-content\/uploads\/2021\/11\/Kneipp_Duftkerze.jpg 1920w\" sizes=\"auto, (max-width: 1024px) 100vw, 1024px\" \/><\/figure><div class=\"wp-block-media-text__content\">\n<p class=\"has-large-font-size\">Kneipp Duftkerzen<\/p>\n\n\n\n<ul class=\"wp-block-list\"><li>Gute Nacht Stimmung \u2013 beruhigend, warm-holzig<\/li><li>Wohlf\u00fchlzeit \u2013 warm, w\u00fcrzig, elegant<\/li><li>Tiefenentspannung \u2013 warm, balsamisch, holzig<\/li><li>Goodbye Stress \u2013 minzig, frisch<\/li><\/ul>\n<\/div><\/div>\n\n\n\n<p><\/p>\n","protected":false},"excerpt":{"rendered":"<p>Kneipp Naturkind Kinder Erk\u00e4ltungszeit Bade-Essenz Matschmonster Schlechtwetter-Schaumbad Farbzauberbad Badesalz mit Sandf\u00f6rmchen Sprudelbad Schaumbad Badekristalle Alles wird gut Hab dich lieb Zeit zu feiern Frostbeulen-Bad Sch(l)af sch\u00f6n Viel Gl\u00fcck Aroma-Pflege-Duschen Sei frei, verr\u00fcckt und gl\u00fccklich Gl\u00fcckliche Auszeit Gute Laune Lebensfreude Muntermacher Stressfrei Cremedusche Hautzarte Verw\u00f6hnung Duschbalsam Mandelbl\u00fcten hautzart Nachtkerze 2in1 Duschen Startklar M\u00e4nnersache 2.0 Kraftvoll Duschtonic Erk\u00e4ltungs-Wohlf\u00fchl-Sortiment Badekristalle Erk\u00e4ltungszeit Pflegeschaumbad Erk\u00e4ltungszeit [&hellip;]<\/p>\n","protected":false},"author":1,"featured_media":0,"parent":14,"menu_order":0,"comment_status":"closed","ping_status":"closed","template":"","meta":{"footnotes":""},"class_list":["post-475","page","type-page","status-publish","hentry"],"_links":{"self":[{"href":"https:\/\/e42059.easyhosting.at\/index.php?rest_route=\/wp\/v2\/pages\/475","targetHints":{"allow":["GET"]}}],"collection":[{"href":"https:\/\/e42059.easyhosting.at\/index.php?rest_route=\/wp\/v2\/pages"}],"about":[{"href":"https:\/\/e42059.easyhosting.at\/index.php?rest_route=\/wp\/v2\/types\/page"}],"author":[{"embeddable":true,"href":"https:\/\/e42059.easyhosting.at\/index.php?rest_route=\/wp\/v2\/users\/1"}],"replies":[{"embeddable":true,"href":"https:\/\/e42059.easyhosting.at\/index.php?rest_route=%2Fwp%2Fv2%2Fcomments&post=475"}],"version-history":[{"count":9,"href":"https:\/\/e42059.easyhosting.at\/index.php?rest_route=\/wp\/v2\/pages\/475\/revisions"}],"predecessor-version":[{"id":654,"href":"https:\/\/e42059.easyhosting.at\/index.php?rest_route=\/wp\/v2\/pages\/475\/revisions\/654"}],"up":[{"embeddable":true,"href":"https:\/\/e42059.easyhosting.at\/index.php?rest_route=\/wp\/v2\/pages\/14"}],"wp:attachment":[{"href":"https:\/\/e42059.easyhosting.at\/index.php?rest_route=%2Fwp%2Fv2%2Fmedia&parent=475"}],"curies":[{"name":"wp","href":"https:\/\/api.w.org\/{rel}","templated":true}]}}