{"id":465,"date":"2021-11-24T07:43:31","date_gmt":"2021-11-24T07:43:31","guid":{"rendered":"https:\/\/e42059.easyhosting.at\/?page_id=465"},"modified":"2021-11-25T18:26:53","modified_gmt":"2021-11-25T18:26:53","slug":"labiocur","status":"publish","type":"page","link":"https:\/\/e42059.easyhosting.at\/?page_id=465","title":{"rendered":"Labiocur"},"content":{"rendered":"\n<div class=\"wp-block-media-text alignwide is-stacked-on-mobile\"><figure class=\"wp-block-media-text__media\"><img loading=\"lazy\" decoding=\"async\" width=\"1024\" height=\"576\" src=\"http:\/\/e42059.easyhosting.at\/wp-content\/uploads\/2021\/11\/Labiocur-1024x576.jpg\" alt=\"\" class=\"wp-image-575 size-full\" srcset=\"https:\/\/e42059.easyhosting.at\/wp-content\/uploads\/2021\/11\/Labiocur-1024x576.jpg 1024w, https:\/\/e42059.easyhosting.at\/wp-content\/uploads\/2021\/11\/Labiocur-300x169.jpg 300w, https:\/\/e42059.easyhosting.at\/wp-content\/uploads\/2021\/11\/Labiocur-768x432.jpg 768w, https:\/\/e42059.easyhosting.at\/wp-content\/uploads\/2021\/11\/Labiocur-1536x864.jpg 1536w, https:\/\/e42059.easyhosting.at\/wp-content\/uploads\/2021\/11\/Labiocur.jpg 1920w\" sizes=\"auto, (max-width: 1024px) 100vw, 1024px\" \/><\/figure><div class=\"wp-block-media-text__content\">\n<p class=\"has-large-font-size\">Labiocur Lippenbalsam<\/p>\n\n\n\n<p>Zur natu\u0308rlichen Lippenpflege bei Auftreten von Bl\u00e4schen und bei rauen, rissigen Lippen.<\/p>\n\n\n\n<p>Dermatologisch getestet! Ein reines Naturprodukt, vom Arzt entwickelt und in \u00d6sterreich hergestellt.<\/p>\n\n\n\n<p><strong>Inhaltsstoffe<\/strong><\/p>\n\n\n\n<ul class=\"wp-block-list\"><li>Echinacea Extract<\/li><li>Bienenwachs<\/li><li>Shea Butter<\/li><li>Melissen\u00f6l<\/li><li>Vitamin E<\/li><li>Jojoba\u00f6l<\/li><\/ul>\n<\/div><\/div>\n\n\n\n<p><\/p>\n","protected":false},"excerpt":{"rendered":"<p>Labiocur Lippenbalsam Zur natu\u0308rlichen Lippenpflege bei Auftreten von Bl\u00e4schen und bei rauen, rissigen Lippen. Dermatologisch getestet! Ein reines Naturprodukt, vom Arzt entwickelt und in \u00d6sterreich hergestellt. Inhaltsstoffe Echinacea Extract Bienenwachs Shea Butter Melissen\u00f6l Vitamin E Jojoba\u00f6l<\/p>\n","protected":false},"author":1,"featured_media":0,"parent":14,"menu_order":0,"comment_status":"closed","ping_status":"closed","template":"","meta":{"footnotes":""},"class_list":["post-465","page","type-page","status-publish","hentry"],"_links":{"self":[{"href":"https:\/\/e42059.easyhosting.at\/index.php?rest_route=\/wp\/v2\/pages\/465","targetHints":{"allow":["GET"]}}],"collection":[{"href":"https:\/\/e42059.easyhosting.at\/index.php?rest_route=\/wp\/v2\/pages"}],"about":[{"href":"https:\/\/e42059.easyhosting.at\/index.php?rest_route=\/wp\/v2\/types\/page"}],"author":[{"embeddable":true,"href":"https:\/\/e42059.easyhosting.at\/index.php?rest_route=\/wp\/v2\/users\/1"}],"replies":[{"embeddable":true,"href":"https:\/\/e42059.easyhosting.at\/index.php?rest_route=%2Fwp%2Fv2%2Fcomments&post=465"}],"version-history":[{"count":6,"href":"https:\/\/e42059.easyhosting.at\/index.php?rest_route=\/wp\/v2\/pages\/465\/revisions"}],"predecessor-version":[{"id":576,"href":"https:\/\/e42059.easyhosting.at\/index.php?rest_route=\/wp\/v2\/pages\/465\/revisions\/576"}],"up":[{"embeddable":true,"href":"https:\/\/e42059.easyhosting.at\/index.php?rest_route=\/wp\/v2\/pages\/14"}],"wp:attachment":[{"href":"https:\/\/e42059.easyhosting.at\/index.php?rest_route=%2Fwp%2Fv2%2Fmedia&parent=465"}],"curies":[{"name":"wp","href":"https:\/\/api.w.org\/{rel}","templated":true}]}}