{"id":463,"date":"2021-11-24T07:41:44","date_gmt":"2021-11-24T07:41:44","guid":{"rendered":"https:\/\/e42059.easyhosting.at\/?page_id=463"},"modified":"2021-11-25T18:24:21","modified_gmt":"2021-11-25T18:24:21","slug":"helppen-petpen","status":"publish","type":"page","link":"https:\/\/e42059.easyhosting.at\/?page_id=463","title":{"rendered":"helpPEN \/ petPEN"},"content":{"rendered":"\n<div class=\"wp-block-media-text alignwide is-stacked-on-mobile\"><figure class=\"wp-block-media-text__media\"><img loading=\"lazy\" decoding=\"async\" width=\"1024\" height=\"576\" src=\"http:\/\/e42059.easyhosting.at\/wp-content\/uploads\/2021\/11\/HelpPen-1024x576.jpg\" alt=\"\" class=\"wp-image-572 size-full\" srcset=\"https:\/\/e42059.easyhosting.at\/wp-content\/uploads\/2021\/11\/HelpPen-1024x576.jpg 1024w, https:\/\/e42059.easyhosting.at\/wp-content\/uploads\/2021\/11\/HelpPen-300x169.jpg 300w, https:\/\/e42059.easyhosting.at\/wp-content\/uploads\/2021\/11\/HelpPen-768x432.jpg 768w, https:\/\/e42059.easyhosting.at\/wp-content\/uploads\/2021\/11\/HelpPen-1536x864.jpg 1536w, https:\/\/e42059.easyhosting.at\/wp-content\/uploads\/2021\/11\/HelpPen.jpg 1920w\" sizes=\"auto, (max-width: 1024px) 100vw, 1024px\" \/><\/figure><div class=\"wp-block-media-text__content\">\n<p class=\"has-large-font-size\">helpPEN<\/p>\n\n\n\n<p><strong>Der 2in1-Stift gegen Zecken und Insekten!<\/strong><\/p>\n\n\n\n<ul class=\"wp-block-list\"><li>Schockgefrieren \u2013 Zecken sicher und ohne R\u00fcckst\u00e4nde entfernen<\/li><li>Schnelle Hilfe gegen Juckreiz \u2013 auch bei Insektenstichen<\/li><li>Einfach, handlich &amp; sicher<\/li><li>Umweltvertr\u00e4glich und umweltfreundlich<\/li><li>Einfaches Nachf\u00fcllsystem<\/li><\/ul>\n<\/div><\/div>\n\n\n\n<div class=\"wp-block-media-text alignwide is-stacked-on-mobile\"><figure class=\"wp-block-media-text__media\"><img loading=\"lazy\" decoding=\"async\" width=\"1024\" height=\"576\" src=\"http:\/\/e42059.easyhosting.at\/wp-content\/uploads\/2021\/11\/PetPen-1024x576.jpg\" alt=\"\" class=\"wp-image-573 size-full\" srcset=\"https:\/\/e42059.easyhosting.at\/wp-content\/uploads\/2021\/11\/PetPen-1024x576.jpg 1024w, https:\/\/e42059.easyhosting.at\/wp-content\/uploads\/2021\/11\/PetPen-300x169.jpg 300w, https:\/\/e42059.easyhosting.at\/wp-content\/uploads\/2021\/11\/PetPen-768x432.jpg 768w, https:\/\/e42059.easyhosting.at\/wp-content\/uploads\/2021\/11\/PetPen-1536x864.jpg 1536w, https:\/\/e42059.easyhosting.at\/wp-content\/uploads\/2021\/11\/PetPen.jpg 1920w\" sizes=\"auto, (max-width: 1024px) 100vw, 1024px\" \/><\/figure><div class=\"wp-block-media-text__content\">\n<p class=\"has-large-font-size\">petPEN<\/p>\n\n\n\n<p><strong>2in1 Zecken-Stop f\u00fcr Ihr Haustier!<\/strong><\/p>\n\n\n\n<ul class=\"wp-block-list\"><li>Schockgefrieren \u2013 Zecken sicher und ohne R\u00fcckst\u00e4nde entfernen<\/li><li>Von Tierliebhabern empfohlen<\/li><li>Einfach, handlich &amp; sicher<\/li><li>Umweltvertr\u00e4glich und umweltfreundlich<\/li><li>Einfaches Nachf\u00fcllsystem<\/li><\/ul>\n<\/div><\/div>\n","protected":false},"excerpt":{"rendered":"<p>helpPEN Der 2in1-Stift gegen Zecken und Insekten! Schockgefrieren \u2013 Zecken sicher und ohne R\u00fcckst\u00e4nde entfernen Schnelle Hilfe gegen Juckreiz \u2013 auch bei Insektenstichen Einfach, handlich &amp; sicher Umweltvertr\u00e4glich und umweltfreundlich Einfaches Nachf\u00fcllsystem petPEN 2in1 Zecken-Stop f\u00fcr Ihr Haustier! Schockgefrieren \u2013 Zecken sicher und ohne R\u00fcckst\u00e4nde entfernen Von Tierliebhabern empfohlen Einfach, handlich &amp; sicher Umweltvertr\u00e4glich und umweltfreundlich Einfaches Nachf\u00fcllsystem<\/p>\n","protected":false},"author":1,"featured_media":0,"parent":14,"menu_order":0,"comment_status":"closed","ping_status":"closed","template":"","meta":{"footnotes":""},"class_list":["post-463","page","type-page","status-publish","hentry"],"_links":{"self":[{"href":"https:\/\/e42059.easyhosting.at\/index.php?rest_route=\/wp\/v2\/pages\/463","targetHints":{"allow":["GET"]}}],"collection":[{"href":"https:\/\/e42059.easyhosting.at\/index.php?rest_route=\/wp\/v2\/pages"}],"about":[{"href":"https:\/\/e42059.easyhosting.at\/index.php?rest_route=\/wp\/v2\/types\/page"}],"author":[{"embeddable":true,"href":"https:\/\/e42059.easyhosting.at\/index.php?rest_route=\/wp\/v2\/users\/1"}],"replies":[{"embeddable":true,"href":"https:\/\/e42059.easyhosting.at\/index.php?rest_route=%2Fwp%2Fv2%2Fcomments&post=463"}],"version-history":[{"count":2,"href":"https:\/\/e42059.easyhosting.at\/index.php?rest_route=\/wp\/v2\/pages\/463\/revisions"}],"predecessor-version":[{"id":574,"href":"https:\/\/e42059.easyhosting.at\/index.php?rest_route=\/wp\/v2\/pages\/463\/revisions\/574"}],"up":[{"embeddable":true,"href":"https:\/\/e42059.easyhosting.at\/index.php?rest_route=\/wp\/v2\/pages\/14"}],"wp:attachment":[{"href":"https:\/\/e42059.easyhosting.at\/index.php?rest_route=%2Fwp%2Fv2%2Fmedia&parent=463"}],"curies":[{"name":"wp","href":"https:\/\/api.w.org\/{rel}","templated":true}]}}