{"id":458,"date":"2021-11-24T07:26:12","date_gmt":"2021-11-24T07:26:12","guid":{"rendered":"https:\/\/e42059.easyhosting.at\/?page_id=458"},"modified":"2021-11-25T18:20:34","modified_gmt":"2021-11-25T18:20:34","slug":"haemo-balance","status":"publish","type":"page","link":"https:\/\/e42059.easyhosting.at\/?page_id=458","title":{"rendered":"H\u00e4mo Balance"},"content":{"rendered":"\n<div class=\"wp-block-media-text alignwide is-stacked-on-mobile\"><figure class=\"wp-block-media-text__media\"><img loading=\"lazy\" decoding=\"async\" width=\"1024\" height=\"576\" src=\"http:\/\/e42059.easyhosting.at\/wp-content\/uploads\/2021\/11\/Haemo-Balance-1024x576.jpg\" alt=\"\" class=\"wp-image-570 size-full\" srcset=\"https:\/\/e42059.easyhosting.at\/wp-content\/uploads\/2021\/11\/Haemo-Balance-1024x576.jpg 1024w, https:\/\/e42059.easyhosting.at\/wp-content\/uploads\/2021\/11\/Haemo-Balance-300x169.jpg 300w, https:\/\/e42059.easyhosting.at\/wp-content\/uploads\/2021\/11\/Haemo-Balance-768x432.jpg 768w, https:\/\/e42059.easyhosting.at\/wp-content\/uploads\/2021\/11\/Haemo-Balance-1536x864.jpg 1536w, https:\/\/e42059.easyhosting.at\/wp-content\/uploads\/2021\/11\/Haemo-Balance.jpg 1920w\" sizes=\"auto, (max-width: 1024px) 100vw, 1024px\" \/><\/figure><div class=\"wp-block-media-text__content\">\n<p class=\"has-large-font-size\">H\u00e4mo Balance<\/p>\n\n\n\n<p>Pflegende Feuchtreinigungst\u00fccher zur sanften Reinigung, auch bei H\u00e4morrhoidenproblemen<\/p>\n<\/div><\/div>\n\n\n\n<p><\/p>\n","protected":false},"excerpt":{"rendered":"<p>H\u00e4mo Balance Pflegende Feuchtreinigungst\u00fccher zur sanften Reinigung, auch bei H\u00e4morrhoidenproblemen<\/p>\n","protected":false},"author":1,"featured_media":0,"parent":14,"menu_order":0,"comment_status":"closed","ping_status":"closed","template":"","meta":{"footnotes":""},"class_list":["post-458","page","type-page","status-publish","hentry"],"_links":{"self":[{"href":"https:\/\/e42059.easyhosting.at\/index.php?rest_route=\/wp\/v2\/pages\/458","targetHints":{"allow":["GET"]}}],"collection":[{"href":"https:\/\/e42059.easyhosting.at\/index.php?rest_route=\/wp\/v2\/pages"}],"about":[{"href":"https:\/\/e42059.easyhosting.at\/index.php?rest_route=\/wp\/v2\/types\/page"}],"author":[{"embeddable":true,"href":"https:\/\/e42059.easyhosting.at\/index.php?rest_route=\/wp\/v2\/users\/1"}],"replies":[{"embeddable":true,"href":"https:\/\/e42059.easyhosting.at\/index.php?rest_route=%2Fwp%2Fv2%2Fcomments&post=458"}],"version-history":[{"count":2,"href":"https:\/\/e42059.easyhosting.at\/index.php?rest_route=\/wp\/v2\/pages\/458\/revisions"}],"predecessor-version":[{"id":571,"href":"https:\/\/e42059.easyhosting.at\/index.php?rest_route=\/wp\/v2\/pages\/458\/revisions\/571"}],"up":[{"embeddable":true,"href":"https:\/\/e42059.easyhosting.at\/index.php?rest_route=\/wp\/v2\/pages\/14"}],"wp:attachment":[{"href":"https:\/\/e42059.easyhosting.at\/index.php?rest_route=%2Fwp%2Fv2%2Fmedia&parent=458"}],"curies":[{"name":"wp","href":"https:\/\/api.w.org\/{rel}","templated":true}]}}