{"id":431,"date":"2021-11-23T14:13:27","date_gmt":"2021-11-23T14:13:27","guid":{"rendered":"https:\/\/e42059.easyhosting.at\/?page_id=431"},"modified":"2021-11-25T18:17:40","modified_gmt":"2021-11-25T18:17:40","slug":"bauers-bitter","status":"publish","type":"page","link":"https:\/\/e42059.easyhosting.at\/?page_id=431","title":{"rendered":"Bauer&#8217;s Bitter"},"content":{"rendered":"\n<div class=\"wp-block-media-text alignwide is-stacked-on-mobile\"><figure class=\"wp-block-media-text__media\"><img loading=\"lazy\" decoding=\"async\" width=\"1024\" height=\"576\" src=\"http:\/\/e42059.easyhosting.at\/wp-content\/uploads\/2021\/11\/Bauers-Bitter_Kraeuter-1024x576.jpg\" alt=\"\" class=\"wp-image-567 size-full\" srcset=\"https:\/\/e42059.easyhosting.at\/wp-content\/uploads\/2021\/11\/Bauers-Bitter_Kraeuter-1024x576.jpg 1024w, https:\/\/e42059.easyhosting.at\/wp-content\/uploads\/2021\/11\/Bauers-Bitter_Kraeuter-300x169.jpg 300w, https:\/\/e42059.easyhosting.at\/wp-content\/uploads\/2021\/11\/Bauers-Bitter_Kraeuter-768x432.jpg 768w, https:\/\/e42059.easyhosting.at\/wp-content\/uploads\/2021\/11\/Bauers-Bitter_Kraeuter-1536x864.jpg 1536w, https:\/\/e42059.easyhosting.at\/wp-content\/uploads\/2021\/11\/Bauers-Bitter_Kraeuter.jpg 1920w\" sizes=\"auto, (max-width: 1024px) 100vw, 1024px\" \/><\/figure><div class=\"wp-block-media-text__content\">\n<p class=\"has-large-font-size\">Bauer&#8217;s Bitter Kr\u00e4uter<\/p>\n\n\n\n<p><strong>Nat\u00fcrlich \u2013 hausgemacht<\/strong><\/p>\n\n\n\n<p>Die besten Kr\u00e4uter und Wurzeln in Handarbeit verarbeitet!<\/p>\n\n\n\n<ul class=\"wp-block-list\"><li>Bitterstoffe f\u00f6rdern die Verdauung und helfen beim Abnehmen<\/li><li>Bitterstoffe st\u00e4rken das Immunsystem<\/li><li>Bitterstoffe sind gute Basenspender<\/li><li>Balance fu\u0308r das Nervensystem<\/li><li>Bitterstoffe unterstu\u0308tzen die Leber<\/li><li>Hemmt die Lust auf Su\u0308\u00dfes und Hei\u00dfhunger<\/li><\/ul>\n<\/div><\/div>\n\n\n\n<hr class=\"wp-block-separator has-text-color has-background has-black-background-color has-black-color is-style-wide\"\/>\n\n\n\n<div class=\"wp-block-media-text alignwide is-stacked-on-mobile\"><figure class=\"wp-block-media-text__media\"><img loading=\"lazy\" decoding=\"async\" width=\"1024\" height=\"576\" src=\"http:\/\/e42059.easyhosting.at\/wp-content\/uploads\/2021\/11\/Bauers-Bitter_Stressfrei-1024x576.jpg\" alt=\"\" class=\"wp-image-568 size-full\" srcset=\"https:\/\/e42059.easyhosting.at\/wp-content\/uploads\/2021\/11\/Bauers-Bitter_Stressfrei-1024x576.jpg 1024w, https:\/\/e42059.easyhosting.at\/wp-content\/uploads\/2021\/11\/Bauers-Bitter_Stressfrei-300x169.jpg 300w, https:\/\/e42059.easyhosting.at\/wp-content\/uploads\/2021\/11\/Bauers-Bitter_Stressfrei-768x432.jpg 768w, https:\/\/e42059.easyhosting.at\/wp-content\/uploads\/2021\/11\/Bauers-Bitter_Stressfrei-1536x864.jpg 1536w, https:\/\/e42059.easyhosting.at\/wp-content\/uploads\/2021\/11\/Bauers-Bitter_Stressfrei.jpg 1920w\" sizes=\"auto, (max-width: 1024px) 100vw, 1024px\" \/><\/figure><div class=\"wp-block-media-text__content\">\n<p class=\"has-large-font-size\">Bauer&#8217;s Stressfrei<\/p>\n\n\n\n<p><meta charset=\"utf-8\"><strong>Nat\u00fcrlich \u2013 hausgemacht<\/strong><\/p>\n\n\n\n<p><meta charset=\"utf-8\">Die besten Kr\u00e4uter und Wurzeln in Handarbeit verarbeitet!<\/p>\n\n\n\n<ul class=\"wp-block-list\"><li>Stressd\u00e4mpfend<\/li><li>F\u00f6rdert das Einschlafen<\/li><li>Fu\u0308r einen entspannten Tag und eine erholsame Nacht<\/li><li>Wohltuend bei Verdauungsproblemen und nerv\u00f6sem Magen<\/li><li>Bei innerer Unruhe<\/li><li>Bei Angstzust\u00e4nden<\/li><li>Bei Konzentrationsst\u00f6rungen und Pru\u0308fungsangst<\/li><\/ul>\n<\/div><\/div>\n","protected":false},"excerpt":{"rendered":"<p>Bauer&#8217;s Bitter Kr\u00e4uter Nat\u00fcrlich \u2013 hausgemacht Die besten Kr\u00e4uter und Wurzeln in Handarbeit verarbeitet! Bitterstoffe f\u00f6rdern die Verdauung und helfen beim Abnehmen Bitterstoffe st\u00e4rken das Immunsystem Bitterstoffe sind gute Basenspender Balance fu\u0308r das Nervensystem Bitterstoffe unterstu\u0308tzen die Leber Hemmt die Lust auf Su\u0308\u00dfes und Hei\u00dfhunger Bauer&#8217;s Stressfrei Nat\u00fcrlich \u2013 hausgemacht Die besten Kr\u00e4uter und Wurzeln in Handarbeit verarbeitet! Stressd\u00e4mpfend F\u00f6rdert [&hellip;]<\/p>\n","protected":false},"author":1,"featured_media":0,"parent":14,"menu_order":0,"comment_status":"closed","ping_status":"closed","template":"","meta":{"footnotes":""},"class_list":["post-431","page","type-page","status-publish","hentry"],"_links":{"self":[{"href":"https:\/\/e42059.easyhosting.at\/index.php?rest_route=\/wp\/v2\/pages\/431","targetHints":{"allow":["GET"]}}],"collection":[{"href":"https:\/\/e42059.easyhosting.at\/index.php?rest_route=\/wp\/v2\/pages"}],"about":[{"href":"https:\/\/e42059.easyhosting.at\/index.php?rest_route=\/wp\/v2\/types\/page"}],"author":[{"embeddable":true,"href":"https:\/\/e42059.easyhosting.at\/index.php?rest_route=\/wp\/v2\/users\/1"}],"replies":[{"embeddable":true,"href":"https:\/\/e42059.easyhosting.at\/index.php?rest_route=%2Fwp%2Fv2%2Fcomments&post=431"}],"version-history":[{"count":8,"href":"https:\/\/e42059.easyhosting.at\/index.php?rest_route=\/wp\/v2\/pages\/431\/revisions"}],"predecessor-version":[{"id":569,"href":"https:\/\/e42059.easyhosting.at\/index.php?rest_route=\/wp\/v2\/pages\/431\/revisions\/569"}],"up":[{"embeddable":true,"href":"https:\/\/e42059.easyhosting.at\/index.php?rest_route=\/wp\/v2\/pages\/14"}],"wp:attachment":[{"href":"https:\/\/e42059.easyhosting.at\/index.php?rest_route=%2Fwp%2Fv2%2Fmedia&parent=431"}],"curies":[{"name":"wp","href":"https:\/\/api.w.org\/{rel}","templated":true}]}}