{"id":405,"date":"2021-11-23T09:24:07","date_gmt":"2021-11-23T09:24:07","guid":{"rendered":"https:\/\/e42059.easyhosting.at\/?page_id=405"},"modified":"2021-11-25T18:14:14","modified_gmt":"2021-11-25T18:14:14","slug":"baders","status":"publish","type":"page","link":"https:\/\/e42059.easyhosting.at\/?page_id=405","title":{"rendered":"BADERs"},"content":{"rendered":"\n<div class=\"wp-block-media-text alignwide is-stacked-on-mobile\"><figure class=\"wp-block-media-text__media\"><img loading=\"lazy\" decoding=\"async\" width=\"1024\" height=\"576\" src=\"http:\/\/e42059.easyhosting.at\/wp-content\/uploads\/2021\/11\/Bader_Zahnpflege-Kaugummi_Ingwer-1024x576.jpg\" alt=\"\" class=\"wp-image-565 size-full\" srcset=\"https:\/\/e42059.easyhosting.at\/wp-content\/uploads\/2021\/11\/Bader_Zahnpflege-Kaugummi_Ingwer-1024x576.jpg 1024w, https:\/\/e42059.easyhosting.at\/wp-content\/uploads\/2021\/11\/Bader_Zahnpflege-Kaugummi_Ingwer-300x169.jpg 300w, https:\/\/e42059.easyhosting.at\/wp-content\/uploads\/2021\/11\/Bader_Zahnpflege-Kaugummi_Ingwer-768x432.jpg 768w, https:\/\/e42059.easyhosting.at\/wp-content\/uploads\/2021\/11\/Bader_Zahnpflege-Kaugummi_Ingwer-1536x864.jpg 1536w, https:\/\/e42059.easyhosting.at\/wp-content\/uploads\/2021\/11\/Bader_Zahnpflege-Kaugummi_Ingwer.jpg 1920w\" sizes=\"auto, (max-width: 1024px) 100vw, 1024px\" \/><\/figure><div class=\"wp-block-media-text__content\">\n<p class=\"has-large-font-size\">Protect-Kaugummis<\/p>\n\n\n\n<p>Ingwerkraft f\u00fcr Mund und Rachen<\/p>\n\n\n\n<p><strong>PROTECT Ingwer<\/strong><\/p>\n\n\n\n<p>Mit nat\u00fcrlichem, reinem Ingwergeschmack<\/p>\n<\/div><\/div>\n\n\n\n<hr class=\"wp-block-separator has-text-color has-background has-black-background-color has-black-color is-style-wide\"\/>\n\n\n\n<div class=\"wp-block-media-text alignwide is-stacked-on-mobile\"><figure class=\"wp-block-media-text__media\"><img loading=\"lazy\" decoding=\"async\" width=\"1024\" height=\"576\" src=\"http:\/\/e42059.easyhosting.at\/wp-content\/uploads\/2021\/11\/Bader_Zahnpflege-Kaugummi_Protect-1024x576.jpg\" alt=\"\" class=\"wp-image-544 size-full\" srcset=\"https:\/\/e42059.easyhosting.at\/wp-content\/uploads\/2021\/11\/Bader_Zahnpflege-Kaugummi_Protect-1024x576.jpg 1024w, https:\/\/e42059.easyhosting.at\/wp-content\/uploads\/2021\/11\/Bader_Zahnpflege-Kaugummi_Protect-300x169.jpg 300w, https:\/\/e42059.easyhosting.at\/wp-content\/uploads\/2021\/11\/Bader_Zahnpflege-Kaugummi_Protect-768x432.jpg 768w, https:\/\/e42059.easyhosting.at\/wp-content\/uploads\/2021\/11\/Bader_Zahnpflege-Kaugummi_Protect-1536x864.jpg 1536w, https:\/\/e42059.easyhosting.at\/wp-content\/uploads\/2021\/11\/Bader_Zahnpflege-Kaugummi_Protect.jpg 1920w\" sizes=\"auto, (max-width: 1024px) 100vw, 1024px\" \/><\/figure><div class=\"wp-block-media-text__content\">\n<p class=\"has-large-font-size\">Funktions-Kaugummis<\/p>\n\n\n\n<p>Bis zu 100 % Xylitanteil<\/p>\n\n\n\n<p><strong>PROTECT Mundhygiene<\/strong><\/p>\n\n\n\n<p>Mit antiseptischer Rezeptur und sanftem Geschmack<\/p>\n<\/div><\/div>\n\n\n\n<div class=\"wp-block-media-text alignwide is-stacked-on-mobile\"><figure class=\"wp-block-media-text__media\"><img loading=\"lazy\" decoding=\"async\" width=\"1024\" height=\"576\" src=\"http:\/\/e42059.easyhosting.at\/wp-content\/uploads\/2021\/11\/Bader_Zahnpflege-Kaugummi_Xylit-1024x576.jpg\" alt=\"\" class=\"wp-image-546 size-full\" srcset=\"https:\/\/e42059.easyhosting.at\/wp-content\/uploads\/2021\/11\/Bader_Zahnpflege-Kaugummi_Xylit-1024x576.jpg 1024w, https:\/\/e42059.easyhosting.at\/wp-content\/uploads\/2021\/11\/Bader_Zahnpflege-Kaugummi_Xylit-300x169.jpg 300w, https:\/\/e42059.easyhosting.at\/wp-content\/uploads\/2021\/11\/Bader_Zahnpflege-Kaugummi_Xylit-768x432.jpg 768w, https:\/\/e42059.easyhosting.at\/wp-content\/uploads\/2021\/11\/Bader_Zahnpflege-Kaugummi_Xylit-1536x864.jpg 1536w, https:\/\/e42059.easyhosting.at\/wp-content\/uploads\/2021\/11\/Bader_Zahnpflege-Kaugummi_Xylit.jpg 1920w\" sizes=\"auto, (max-width: 1024px) 100vw, 1024px\" \/><\/figure><div class=\"wp-block-media-text__content\">\n<p class=\"has-large-font-size\"><\/p>\n\n\n\n<p><meta charset=\"utf-8\"><strong>PROTECT Zahnpflege<\/strong><\/p>\n\n\n\n<p>Mit 100 % Xylith, basischen Mineralsalzen und frischem Minzgeschmack<\/p>\n<\/div><\/div>\n\n\n\n<div class=\"wp-block-media-text alignwide is-stacked-on-mobile\"><figure class=\"wp-block-media-text__media\"><img loading=\"lazy\" decoding=\"async\" width=\"1024\" height=\"576\" src=\"http:\/\/e42059.easyhosting.at\/wp-content\/uploads\/2021\/11\/Bader_Zahnpflege-Kaugummi_Salbei-1024x576.jpg\" alt=\"\" class=\"wp-image-545 size-full\" srcset=\"https:\/\/e42059.easyhosting.at\/wp-content\/uploads\/2021\/11\/Bader_Zahnpflege-Kaugummi_Salbei-1024x576.jpg 1024w, https:\/\/e42059.easyhosting.at\/wp-content\/uploads\/2021\/11\/Bader_Zahnpflege-Kaugummi_Salbei-300x169.jpg 300w, https:\/\/e42059.easyhosting.at\/wp-content\/uploads\/2021\/11\/Bader_Zahnpflege-Kaugummi_Salbei-768x432.jpg 768w, https:\/\/e42059.easyhosting.at\/wp-content\/uploads\/2021\/11\/Bader_Zahnpflege-Kaugummi_Salbei-1536x864.jpg 1536w, https:\/\/e42059.easyhosting.at\/wp-content\/uploads\/2021\/11\/Bader_Zahnpflege-Kaugummi_Salbei.jpg 1920w\" sizes=\"auto, (max-width: 1024px) 100vw, 1024px\" \/><\/figure><div class=\"wp-block-media-text__content\">\n<p class=\"has-large-font-size\"><\/p>\n\n\n\n<p><meta charset=\"utf-8\"><strong>PROTECT Zahnfleischpflege<\/strong><\/p>\n\n\n\n<p>Mit 14 Kr\u00e4utern und Salbei\u00f6l<\/p>\n<\/div><\/div>\n\n\n\n<hr class=\"wp-block-separator has-text-color has-background has-black-background-color has-black-color is-style-wide\"\/>\n\n\n\n<div class=\"wp-block-media-text alignwide is-stacked-on-mobile\"><figure class=\"wp-block-media-text__media\"><img loading=\"lazy\" decoding=\"async\" width=\"1024\" height=\"576\" src=\"http:\/\/e42059.easyhosting.at\/wp-content\/uploads\/2021\/11\/Bader_Guarana-Fitgum-1024x576.jpg\" alt=\"\" class=\"wp-image-548 size-full\" srcset=\"https:\/\/e42059.easyhosting.at\/wp-content\/uploads\/2021\/11\/Bader_Guarana-Fitgum-1024x576.jpg 1024w, https:\/\/e42059.easyhosting.at\/wp-content\/uploads\/2021\/11\/Bader_Guarana-Fitgum-300x169.jpg 300w, https:\/\/e42059.easyhosting.at\/wp-content\/uploads\/2021\/11\/Bader_Guarana-Fitgum-768x432.jpg 768w, https:\/\/e42059.easyhosting.at\/wp-content\/uploads\/2021\/11\/Bader_Guarana-Fitgum-1536x864.jpg 1536w, https:\/\/e42059.easyhosting.at\/wp-content\/uploads\/2021\/11\/Bader_Guarana-Fitgum.jpg 1920w\" sizes=\"auto, (max-width: 1024px) 100vw, 1024px\" \/><\/figure><div class=\"wp-block-media-text__content\">\n<p class=\"has-large-font-size\">Guarana Fitgum<\/p>\n\n\n\n<p>Die Neuheiten fu\u0308r frische Energie nach dem Geheimrezept der Inka<\/p>\n\n\n\n<p>F\u00fcr mehr Konzentration, Energie und Leistungsf\u00e4higkeit<\/p>\n<\/div><\/div>\n\n\n\n<hr class=\"wp-block-separator has-text-color has-background has-black-background-color has-black-color is-style-wide\"\/>\n\n\n\n<div class=\"wp-block-media-text alignwide is-stacked-on-mobile\"><figure class=\"wp-block-media-text__media\"><img loading=\"lazy\" decoding=\"async\" width=\"1024\" height=\"576\" src=\"http:\/\/e42059.easyhosting.at\/wp-content\/uploads\/2021\/11\/Bader_Teebaumoel-1024x576.jpg\" alt=\"\" class=\"wp-image-549 size-full\" srcset=\"https:\/\/e42059.easyhosting.at\/wp-content\/uploads\/2021\/11\/Bader_Teebaumoel-1024x576.jpg 1024w, https:\/\/e42059.easyhosting.at\/wp-content\/uploads\/2021\/11\/Bader_Teebaumoel-300x169.jpg 300w, https:\/\/e42059.easyhosting.at\/wp-content\/uploads\/2021\/11\/Bader_Teebaumoel-768x432.jpg 768w, https:\/\/e42059.easyhosting.at\/wp-content\/uploads\/2021\/11\/Bader_Teebaumoel-1536x864.jpg 1536w, https:\/\/e42059.easyhosting.at\/wp-content\/uploads\/2021\/11\/Bader_Teebaumoel.jpg 1920w\" sizes=\"auto, (max-width: 1024px) 100vw, 1024px\" \/><\/figure><div class=\"wp-block-media-text__content\">\n<p class=\"has-large-font-size\">Teebaum\u00f6l<\/p>\n\n\n\n<p>Einzigartig durch doppelte Destillation. Reines \u00e4therisches \u00d6l aus der Stammpflanze des australischen Teebaum\u00f6l Melaleuca alternifolia (100 %)<\/p>\n\n\n\n<ul class=\"wp-block-list\"><li>Bei empfindlicher, unreiner und gereizten Haut<\/li><li>Zur Kopfhautpflege, bei Jucken und Schuppen<\/li><li>Zur Zahnfleischpflege und Vorbeugung von Mundgeruch<\/li><li>Bei Fu\u00dfgeruch und Fu\u00dfschwei\u00df<\/li><li>Zur belebenden Massage<\/li><li>Entspannend und wohltuend als Duft\u00f6l oder Badezusatz<\/li><\/ul>\n<\/div><\/div>\n\n\n\n<hr class=\"wp-block-separator has-text-color has-background has-black-background-color has-black-color is-style-wide\"\/>\n\n\n\n<div class=\"wp-block-media-text alignwide is-stacked-on-mobile\"><figure class=\"wp-block-media-text__media\"><img loading=\"lazy\" decoding=\"async\" width=\"1024\" height=\"576\" src=\"http:\/\/e42059.easyhosting.at\/wp-content\/uploads\/2021\/11\/Bader_Tee-Kurkuma-Ingwer-1024x576.jpg\" alt=\"\" class=\"wp-image-564 size-full\" srcset=\"https:\/\/e42059.easyhosting.at\/wp-content\/uploads\/2021\/11\/Bader_Tee-Kurkuma-Ingwer-1024x576.jpg 1024w, https:\/\/e42059.easyhosting.at\/wp-content\/uploads\/2021\/11\/Bader_Tee-Kurkuma-Ingwer-300x169.jpg 300w, https:\/\/e42059.easyhosting.at\/wp-content\/uploads\/2021\/11\/Bader_Tee-Kurkuma-Ingwer-768x432.jpg 768w, https:\/\/e42059.easyhosting.at\/wp-content\/uploads\/2021\/11\/Bader_Tee-Kurkuma-Ingwer-1536x864.jpg 1536w, https:\/\/e42059.easyhosting.at\/wp-content\/uploads\/2021\/11\/Bader_Tee-Kurkuma-Ingwer.jpg 1920w\" sizes=\"auto, (max-width: 1024px) 100vw, 1024px\" \/><\/figure><div class=\"wp-block-media-text__content\">\n<p class=\"has-large-font-size\">Funktionstees<\/p>\n\n\n\n<p><strong>Kurkuma in Ingwer<\/strong><\/p>\n<\/div><\/div>\n\n\n\n<div class=\"wp-block-media-text alignwide is-stacked-on-mobile\"><figure class=\"wp-block-media-text__media\"><img loading=\"lazy\" decoding=\"async\" width=\"1024\" height=\"576\" src=\"http:\/\/e42059.easyhosting.at\/wp-content\/uploads\/2021\/11\/Bader_Tee-Tai-Chi-Energie-1024x576.jpg\" alt=\"\" class=\"wp-image-558 size-full\" srcset=\"https:\/\/e42059.easyhosting.at\/wp-content\/uploads\/2021\/11\/Bader_Tee-Tai-Chi-Energie-1024x576.jpg 1024w, https:\/\/e42059.easyhosting.at\/wp-content\/uploads\/2021\/11\/Bader_Tee-Tai-Chi-Energie-300x169.jpg 300w, https:\/\/e42059.easyhosting.at\/wp-content\/uploads\/2021\/11\/Bader_Tee-Tai-Chi-Energie-768x432.jpg 768w, https:\/\/e42059.easyhosting.at\/wp-content\/uploads\/2021\/11\/Bader_Tee-Tai-Chi-Energie-1536x864.jpg 1536w, https:\/\/e42059.easyhosting.at\/wp-content\/uploads\/2021\/11\/Bader_Tee-Tai-Chi-Energie.jpg 1920w\" sizes=\"auto, (max-width: 1024px) 100vw, 1024px\" \/><\/figure><div class=\"wp-block-media-text__content\">\n<p class=\"has-large-font-size\"><\/p>\n\n\n\n<p><strong>Tai Chi Energie Tee<\/strong><\/p>\n\n\n\n<p>Gru\u0308ntee mit Ginseng und Ingwer<\/p>\n<\/div><\/div>\n\n\n\n<div class=\"wp-block-media-text alignwide is-stacked-on-mobile\"><figure class=\"wp-block-media-text__media\"><img loading=\"lazy\" decoding=\"async\" width=\"1024\" height=\"576\" src=\"http:\/\/e42059.easyhosting.at\/wp-content\/uploads\/2021\/11\/Bader_Tee-Tai-Chi-Ingwer-1024x576.jpg\" alt=\"\" class=\"wp-image-559 size-full\" srcset=\"https:\/\/e42059.easyhosting.at\/wp-content\/uploads\/2021\/11\/Bader_Tee-Tai-Chi-Ingwer-1024x576.jpg 1024w, https:\/\/e42059.easyhosting.at\/wp-content\/uploads\/2021\/11\/Bader_Tee-Tai-Chi-Ingwer-300x169.jpg 300w, https:\/\/e42059.easyhosting.at\/wp-content\/uploads\/2021\/11\/Bader_Tee-Tai-Chi-Ingwer-768x432.jpg 768w, https:\/\/e42059.easyhosting.at\/wp-content\/uploads\/2021\/11\/Bader_Tee-Tai-Chi-Ingwer-1536x864.jpg 1536w, https:\/\/e42059.easyhosting.at\/wp-content\/uploads\/2021\/11\/Bader_Tee-Tai-Chi-Ingwer.jpg 1920w\" sizes=\"auto, (max-width: 1024px) 100vw, 1024px\" \/><\/figure><div class=\"wp-block-media-text__content\">\n<p class=\"has-large-font-size\"><\/p>\n\n\n\n<p><strong>Tai Chi Ingwer Tee<\/strong><\/p>\n\n\n\n<p>Gru\u0308ntee mit Ingwer und Lemongras<\/p>\n<\/div><\/div>\n\n\n\n<div class=\"wp-block-media-text alignwide is-stacked-on-mobile\"><figure class=\"wp-block-media-text__media\"><img loading=\"lazy\" decoding=\"async\" width=\"1024\" height=\"576\" src=\"http:\/\/e42059.easyhosting.at\/wp-content\/uploads\/2021\/11\/Bader_Tee-Tai-Chi-Bio-1024x576.jpg\" alt=\"\" class=\"wp-image-555 size-full\" srcset=\"https:\/\/e42059.easyhosting.at\/wp-content\/uploads\/2021\/11\/Bader_Tee-Tai-Chi-Bio-1024x576.jpg 1024w, https:\/\/e42059.easyhosting.at\/wp-content\/uploads\/2021\/11\/Bader_Tee-Tai-Chi-Bio-300x169.jpg 300w, https:\/\/e42059.easyhosting.at\/wp-content\/uploads\/2021\/11\/Bader_Tee-Tai-Chi-Bio-768x432.jpg 768w, https:\/\/e42059.easyhosting.at\/wp-content\/uploads\/2021\/11\/Bader_Tee-Tai-Chi-Bio-1536x864.jpg 1536w, https:\/\/e42059.easyhosting.at\/wp-content\/uploads\/2021\/11\/Bader_Tee-Tai-Chi-Bio.jpg 1920w\" sizes=\"auto, (max-width: 1024px) 100vw, 1024px\" \/><\/figure><div class=\"wp-block-media-text__content\">\n<p class=\"has-large-font-size\"><\/p>\n\n\n\n<p><strong>Tai Chi Bio Gru\u0308ntee<\/strong><\/p>\n\n\n\n<p>Naturbelassener Bio-Gru\u0308ntee<\/p>\n<\/div><\/div>\n\n\n\n<div class=\"wp-block-media-text alignwide is-stacked-on-mobile\"><figure class=\"wp-block-media-text__media\"><img loading=\"lazy\" decoding=\"async\" width=\"1024\" height=\"576\" src=\"http:\/\/e42059.easyhosting.at\/wp-content\/uploads\/2021\/11\/Bader_Tee-Cynarin-1024x576.jpg\" alt=\"\" class=\"wp-image-562 size-full\" srcset=\"https:\/\/e42059.easyhosting.at\/wp-content\/uploads\/2021\/11\/Bader_Tee-Cynarin-1024x576.jpg 1024w, https:\/\/e42059.easyhosting.at\/wp-content\/uploads\/2021\/11\/Bader_Tee-Cynarin-300x169.jpg 300w, https:\/\/e42059.easyhosting.at\/wp-content\/uploads\/2021\/11\/Bader_Tee-Cynarin-768x432.jpg 768w, https:\/\/e42059.easyhosting.at\/wp-content\/uploads\/2021\/11\/Bader_Tee-Cynarin-1536x864.jpg 1536w, https:\/\/e42059.easyhosting.at\/wp-content\/uploads\/2021\/11\/Bader_Tee-Cynarin.jpg 1920w\" sizes=\"auto, (max-width: 1024px) 100vw, 1024px\" \/><\/figure><div class=\"wp-block-media-text__content\">\n<p class=\"has-large-font-size\"><\/p>\n\n\n\n<p><strong>Cynarin Artischocken Tee<\/strong><\/p>\n\n\n\n<p>Rotbuschtee mit Artischocken-Frischpflanzenextrakt<\/p>\n<\/div><\/div>\n\n\n\n<div class=\"wp-block-media-text alignwide is-stacked-on-mobile\"><figure class=\"wp-block-media-text__media\"><img loading=\"lazy\" decoding=\"async\" width=\"1024\" height=\"576\" src=\"http:\/\/e42059.easyhosting.at\/wp-content\/uploads\/2021\/11\/Bader_Tee-Carnitin-1024x576.jpg\" alt=\"\" class=\"wp-image-551 size-full\" srcset=\"https:\/\/e42059.easyhosting.at\/wp-content\/uploads\/2021\/11\/Bader_Tee-Carnitin-1024x576.jpg 1024w, https:\/\/e42059.easyhosting.at\/wp-content\/uploads\/2021\/11\/Bader_Tee-Carnitin-300x169.jpg 300w, https:\/\/e42059.easyhosting.at\/wp-content\/uploads\/2021\/11\/Bader_Tee-Carnitin-768x432.jpg 768w, https:\/\/e42059.easyhosting.at\/wp-content\/uploads\/2021\/11\/Bader_Tee-Carnitin-1536x864.jpg 1536w, https:\/\/e42059.easyhosting.at\/wp-content\/uploads\/2021\/11\/Bader_Tee-Carnitin.jpg 1920w\" sizes=\"auto, (max-width: 1024px) 100vw, 1024px\" \/><\/figure><div class=\"wp-block-media-text__content\">\n<p class=\"has-large-font-size\"><\/p>\n\n\n\n<p><strong>L-Carnitin Figur-Tee<\/strong><\/p>\n\n\n\n<p>Rotbuschtee mit Kr\u00e4utern und L-Carnitin<\/p>\n<\/div><\/div>\n\n\n\n<div class=\"wp-block-media-text alignwide is-stacked-on-mobile\"><figure class=\"wp-block-media-text__media\"><img loading=\"lazy\" decoding=\"async\" width=\"1024\" height=\"576\" src=\"http:\/\/e42059.easyhosting.at\/wp-content\/uploads\/2021\/11\/Bader_Tee-Gelassenheit-1024x576.jpg\" alt=\"\" class=\"wp-image-553 size-full\" srcset=\"https:\/\/e42059.easyhosting.at\/wp-content\/uploads\/2021\/11\/Bader_Tee-Gelassenheit-1024x576.jpg 1024w, https:\/\/e42059.easyhosting.at\/wp-content\/uploads\/2021\/11\/Bader_Tee-Gelassenheit-300x169.jpg 300w, https:\/\/e42059.easyhosting.at\/wp-content\/uploads\/2021\/11\/Bader_Tee-Gelassenheit-768x432.jpg 768w, https:\/\/e42059.easyhosting.at\/wp-content\/uploads\/2021\/11\/Bader_Tee-Gelassenheit-1536x864.jpg 1536w, https:\/\/e42059.easyhosting.at\/wp-content\/uploads\/2021\/11\/Bader_Tee-Gelassenheit.jpg 1920w\" sizes=\"auto, (max-width: 1024px) 100vw, 1024px\" \/><\/figure><div class=\"wp-block-media-text__content\">\n<p class=\"has-large-font-size\"><\/p>\n\n\n\n<p><strong>Apotheken-Tee Gelassenheit<\/strong><\/p>\n\n\n\n<p>Kr\u00e4utertee mit Melisse, Baldrian und Lavendel<\/p>\n<\/div><\/div>\n\n\n\n<div class=\"wp-block-media-text alignwide is-stacked-on-mobile\"><figure class=\"wp-block-media-text__media\"><img loading=\"lazy\" decoding=\"async\" width=\"1024\" height=\"576\" src=\"http:\/\/e42059.easyhosting.at\/wp-content\/uploads\/2021\/11\/Bader_Tee-Guarana-Rising-Sun-Tea-1024x576.jpg\" alt=\"\" class=\"wp-image-554 size-full\" srcset=\"https:\/\/e42059.easyhosting.at\/wp-content\/uploads\/2021\/11\/Bader_Tee-Guarana-Rising-Sun-Tea-1024x576.jpg 1024w, https:\/\/e42059.easyhosting.at\/wp-content\/uploads\/2021\/11\/Bader_Tee-Guarana-Rising-Sun-Tea-300x169.jpg 300w, https:\/\/e42059.easyhosting.at\/wp-content\/uploads\/2021\/11\/Bader_Tee-Guarana-Rising-Sun-Tea-768x432.jpg 768w, https:\/\/e42059.easyhosting.at\/wp-content\/uploads\/2021\/11\/Bader_Tee-Guarana-Rising-Sun-Tea-1536x864.jpg 1536w, https:\/\/e42059.easyhosting.at\/wp-content\/uploads\/2021\/11\/Bader_Tee-Guarana-Rising-Sun-Tea.jpg 1920w\" sizes=\"auto, (max-width: 1024px) 100vw, 1024px\" \/><\/figure><div class=\"wp-block-media-text__content\">\n<p class=\"has-large-font-size\"><\/p>\n\n\n\n<p><strong>Guarana Rising Sun Tea<\/strong><\/p>\n\n\n\n<p>Schwarzer Tee mit Guaranasamen<\/p>\n<\/div><\/div>\n\n\n\n<div class=\"wp-block-media-text alignwide is-stacked-on-mobile\"><figure class=\"wp-block-media-text__media\"><img loading=\"lazy\" decoding=\"async\" width=\"1024\" height=\"576\" src=\"http:\/\/e42059.easyhosting.at\/wp-content\/uploads\/2021\/11\/Bader_Tee-Cranberry-1024x576.jpg\" alt=\"\" class=\"wp-image-561 size-full\" srcset=\"https:\/\/e42059.easyhosting.at\/wp-content\/uploads\/2021\/11\/Bader_Tee-Cranberry-1024x576.jpg 1024w, https:\/\/e42059.easyhosting.at\/wp-content\/uploads\/2021\/11\/Bader_Tee-Cranberry-300x169.jpg 300w, https:\/\/e42059.easyhosting.at\/wp-content\/uploads\/2021\/11\/Bader_Tee-Cranberry-768x432.jpg 768w, https:\/\/e42059.easyhosting.at\/wp-content\/uploads\/2021\/11\/Bader_Tee-Cranberry-1536x864.jpg 1536w, https:\/\/e42059.easyhosting.at\/wp-content\/uploads\/2021\/11\/Bader_Tee-Cranberry.jpg 1920w\" sizes=\"auto, (max-width: 1024px) 100vw, 1024px\" \/><\/figure><div class=\"wp-block-media-text__content\">\n<p class=\"has-large-font-size\"><\/p>\n\n\n\n<p><strong>Cranberry Acerola<\/strong><\/p>\n\n\n\n<p>Rotbuschtee mit Cranberrysaft-Granulat<\/p>\n<\/div><\/div>\n\n\n\n<div class=\"wp-block-media-text alignwide is-stacked-on-mobile\"><figure class=\"wp-block-media-text__media\"><img loading=\"lazy\" decoding=\"async\" width=\"1024\" height=\"576\" src=\"http:\/\/e42059.easyhosting.at\/wp-content\/uploads\/2021\/11\/Bader_Tee-Gedaechtnis-1024x576.jpg\" alt=\"\" class=\"wp-image-552 size-full\" srcset=\"https:\/\/e42059.easyhosting.at\/wp-content\/uploads\/2021\/11\/Bader_Tee-Gedaechtnis-1024x576.jpg 1024w, https:\/\/e42059.easyhosting.at\/wp-content\/uploads\/2021\/11\/Bader_Tee-Gedaechtnis-300x169.jpg 300w, https:\/\/e42059.easyhosting.at\/wp-content\/uploads\/2021\/11\/Bader_Tee-Gedaechtnis-768x432.jpg 768w, https:\/\/e42059.easyhosting.at\/wp-content\/uploads\/2021\/11\/Bader_Tee-Gedaechtnis-1536x864.jpg 1536w, https:\/\/e42059.easyhosting.at\/wp-content\/uploads\/2021\/11\/Bader_Tee-Gedaechtnis.jpg 1920w\" sizes=\"auto, (max-width: 1024px) 100vw, 1024px\" \/><\/figure><div class=\"wp-block-media-text__content\">\n<p class=\"has-large-font-size\"><\/p>\n\n\n\n<p><strong>Ged\u00e4chtnis Tee<\/strong><\/p>\n\n\n\n<p>Gru\u0308ntee-Kr\u00e4utermischung mit Ginkgo<\/p>\n<\/div><\/div>\n\n\n\n<p><\/p>\n","protected":false},"excerpt":{"rendered":"<p>Protect-Kaugummis Ingwerkraft f\u00fcr Mund und Rachen PROTECT Ingwer Mit nat\u00fcrlichem, reinem Ingwergeschmack Funktions-Kaugummis Bis zu 100 % Xylitanteil PROTECT Mundhygiene Mit antiseptischer Rezeptur und sanftem Geschmack PROTECT Zahnpflege Mit 100 % Xylith, basischen Mineralsalzen und frischem Minzgeschmack PROTECT Zahnfleischpflege Mit 14 Kr\u00e4utern und Salbei\u00f6l Guarana Fitgum Die Neuheiten fu\u0308r frische Energie nach dem Geheimrezept der Inka F\u00fcr mehr Konzentration, Energie [&hellip;]<\/p>\n","protected":false},"author":1,"featured_media":0,"parent":14,"menu_order":0,"comment_status":"closed","ping_status":"closed","template":"","meta":{"footnotes":""},"class_list":["post-405","page","type-page","status-publish","hentry"],"_links":{"self":[{"href":"https:\/\/e42059.easyhosting.at\/index.php?rest_route=\/wp\/v2\/pages\/405","targetHints":{"allow":["GET"]}}],"collection":[{"href":"https:\/\/e42059.easyhosting.at\/index.php?rest_route=\/wp\/v2\/pages"}],"about":[{"href":"https:\/\/e42059.easyhosting.at\/index.php?rest_route=\/wp\/v2\/types\/page"}],"author":[{"embeddable":true,"href":"https:\/\/e42059.easyhosting.at\/index.php?rest_route=\/wp\/v2\/users\/1"}],"replies":[{"embeddable":true,"href":"https:\/\/e42059.easyhosting.at\/index.php?rest_route=%2Fwp%2Fv2%2Fcomments&post=405"}],"version-history":[{"count":36,"href":"https:\/\/e42059.easyhosting.at\/index.php?rest_route=\/wp\/v2\/pages\/405\/revisions"}],"predecessor-version":[{"id":566,"href":"https:\/\/e42059.easyhosting.at\/index.php?rest_route=\/wp\/v2\/pages\/405\/revisions\/566"}],"up":[{"embeddable":true,"href":"https:\/\/e42059.easyhosting.at\/index.php?rest_route=\/wp\/v2\/pages\/14"}],"wp:attachment":[{"href":"https:\/\/e42059.easyhosting.at\/index.php?rest_route=%2Fwp%2Fv2%2Fmedia&parent=405"}],"curies":[{"name":"wp","href":"https:\/\/api.w.org\/{rel}","templated":true}]}}