{"id":24,"date":"2021-01-27T08:12:33","date_gmt":"2021-01-27T08:12:33","guid":{"rendered":"http:\/\/e42059.easyhosting.at\/?page_id=24"},"modified":"2021-11-03T04:55:20","modified_gmt":"2021-11-03T04:55:20","slug":"kontakt","status":"publish","type":"page","link":"https:\/\/e42059.easyhosting.at\/?page_id=24","title":{"rendered":"KONTAKT"},"content":{"rendered":"\n<p>Am \u00f6stlichen Rand des oststeirischen H\u00fcgellandes direkt an der Landesgrenze zum Burgenland liegt auf die Gemeinde St. Johann in der Haide, wo sich unser Firmensitz befindet. Von hier aus erreichen wir Wien und Graz in k\u00fcrzester Zeit.<\/p>\n\n\n\n<p><strong>Vital Pharma GS GmbH<\/strong><br>Andreas-H\u00f6fler-Stra\u00dfe 1<br>8295 St. Johann in der Haide<br>\u00d6sterreich<\/p>\n\n\n\n<p>Telefon: <a href=\"tel:+4333326669990\">+43 3332 666 999 0<\/a><br>Fax: +43 3332 666 999 1<br>Mail: <a href=\"mailto:office@vital-pharma.at\">office@vital-pharma.at<\/a><\/p>\n\n\n\n<p><\/p>\n\n\n\n<iframe src=\"https:\/\/www.google.com\/maps\/embed?pb=!1m18!1m12!1m3!1d2706.775178311022!2d16.00593795139964!3d47.279649218396834!2m3!1f0!2f0!3f0!3m2!1i1024!2i768!4f13.1!3m3!1m2!1s0x476e8aa840ec229b%3A0x33584ca0fb302152!2sVital%20Pharma%20GS%20GmbH!5e0!3m2!1sde!2sat!4v1616583322946!5m2!1sde!2sat\" width=\"100%\" height=\"500\" style=\"border:0;\" allowfullscreen=\"\" loading=\"lazy\"><\/iframe>\n\n\n\n<p>  <\/p>\n\n\n\n<hr class=\"wp-block-separator has-text-color has-background has-black-background-color has-black-color is-style-wide\"\/>\n\n\n\n<p style=\"font-size:25px\"> <\/p>\n\n\n\n<p style=\"font-size:25px\"><strong>Kontaktformular<\/strong><\/p>\n\n\n\n<p>Gerne k\u00f6nnen Sie sich auch bequem \u00fcber das Kontaktformular bei uns melden. Wir freuen uns auf Ihre Anfrage!<\/p>\n\n\n\n<div class=\"wp-block-columns is-layout-flex wp-container-core-columns-is-layout-9d6595d7 wp-block-columns-is-layout-flex\">\n<div class=\"wp-block-column is-layout-flow wp-block-column-is-layout-flow\">\n<div role=\"form\" class=\"wpcf7\" id=\"wpcf7-f248-o1\" lang=\"de-DE\" dir=\"ltr\">\n<div class=\"screen-reader-response\"><p role=\"status\" aria-live=\"polite\" aria-atomic=\"true\"><\/p> <ul><\/ul><\/div>\n<form action=\"\/index.php?rest_route=%2Fwp%2Fv2%2Fpages%2F24#wpcf7-f248-o1\" method=\"post\" class=\"wpcf7-form init\" novalidate=\"novalidate\" data-status=\"init\">\n<div style=\"display: none;\">\n<input type=\"hidden\" name=\"_wpcf7\" value=\"248\" \/>\n<input type=\"hidden\" name=\"_wpcf7_version\" value=\"5.5.3\" \/>\n<input type=\"hidden\" name=\"_wpcf7_locale\" value=\"de_DE\" \/>\n<input type=\"hidden\" name=\"_wpcf7_unit_tag\" value=\"wpcf7-f248-o1\" \/>\n<input type=\"hidden\" name=\"_wpcf7_container_post\" value=\"0\" \/>\n<input type=\"hidden\" name=\"_wpcf7_posted_data_hash\" value=\"\" \/>\n<\/div>\n<p><label> Name*<br \/>\n    <span class=\"wpcf7-form-control-wrap your-name\"><input type=\"text\" name=\"your-name\" value=\"\" size=\"40\" class=\"wpcf7-form-control wpcf7-text wpcf7-validates-as-required\" aria-required=\"true\" aria-invalid=\"false\" \/><\/span> <\/label><\/p>\n<p><label> E-Mail-Adresse*<br \/>\n    <span class=\"wpcf7-form-control-wrap your-email\"><input type=\"email\" name=\"your-email\" value=\"\" size=\"40\" class=\"wpcf7-form-control wpcf7-text wpcf7-email wpcf7-validates-as-required wpcf7-validates-as-email\" aria-required=\"true\" aria-invalid=\"false\" \/><\/span> <\/label><\/p>\n<p><label> Nachricht*<br \/>\n    <span class=\"wpcf7-form-control-wrap your-message\"><textarea name=\"your-message\" cols=\"40\" rows=\"10\" class=\"wpcf7-form-control wpcf7-textarea wpcf7-validates-as-required\" aria-required=\"true\" aria-invalid=\"false\"><\/textarea><\/span> <\/label><\/p>\n<p><span class=\"wpcf7-form-control-wrap quiz-598\"><label><span class=\"wpcf7-quiz-label\">Sicherheitsabfrage: 5-2=*<\/span> <input type=\"text\" name=\"quiz-598\" size=\"40\" class=\"wpcf7-form-control wpcf7-quiz\" autocomplete=\"off\" aria-required=\"true\" aria-invalid=\"false\" \/><\/label><input type=\"hidden\" name=\"_wpcf7_quiz_answer_quiz-598\" value=\"883c8061f83647c7c13c72528683a967\" \/><\/span><\/p>\n<p><span class=\"wpcf7-form-control-wrap acceptance-109\"><span class=\"wpcf7-form-control wpcf7-acceptance optional\"><span class=\"wpcf7-list-item\"><label><input type=\"checkbox\" name=\"acceptance-109\" value=\"1\" aria-invalid=\"false\" \/><span class=\"wpcf7-list-item-label\">Ich habe die <a href=\"http:\/\/e42059.easyhosting.at\/?page_id=127\">Datenschutzerkl\u00e4rung<\/a> gelesen und akzeptiert.<\/span><\/label><\/span><\/span><\/span><\/p>\n<p><label> *Pflichtfelder <\/label><\/p>\n<p><input type=\"submit\" value=\"Senden\" class=\"wpcf7-form-control has-spinner wpcf7-submit\" \/><\/p>\n<div class=\"wpcf7-response-output\" aria-hidden=\"true\"><\/div><\/form><\/div>\n<\/div>\n\n\n\n<div class=\"wp-block-column is-layout-flow wp-block-column-is-layout-flow\"><\/div>\n<\/div>\n","protected":false},"excerpt":{"rendered":"<p>Am \u00f6stlichen Rand des oststeirischen H\u00fcgellandes direkt an der Landesgrenze zum Burgenland liegt auf die Gemeinde St. Johann in der Haide, wo sich unser Firmensitz befindet. Von hier aus erreichen wir Wien und Graz in k\u00fcrzester Zeit. Vital Pharma GS GmbHAndreas-H\u00f6fler-Stra\u00dfe 18295 St. Johann in der Haide\u00d6sterreich Telefon: +43 3332 666 999 0Fax: +43 3332 666 999 1Mail: office@vital-pharma.at Kontaktformular [&hellip;]<\/p>\n","protected":false},"author":1,"featured_media":0,"parent":0,"menu_order":0,"comment_status":"closed","ping_status":"closed","template":"","meta":{"footnotes":""},"class_list":["post-24","page","type-page","status-publish","hentry"],"_links":{"self":[{"href":"https:\/\/e42059.easyhosting.at\/index.php?rest_route=\/wp\/v2\/pages\/24","targetHints":{"allow":["GET"]}}],"collection":[{"href":"https:\/\/e42059.easyhosting.at\/index.php?rest_route=\/wp\/v2\/pages"}],"about":[{"href":"https:\/\/e42059.easyhosting.at\/index.php?rest_route=\/wp\/v2\/types\/page"}],"author":[{"embeddable":true,"href":"https:\/\/e42059.easyhosting.at\/index.php?rest_route=\/wp\/v2\/users\/1"}],"replies":[{"embeddable":true,"href":"https:\/\/e42059.easyhosting.at\/index.php?rest_route=%2Fwp%2Fv2%2Fcomments&post=24"}],"version-history":[{"count":25,"href":"https:\/\/e42059.easyhosting.at\/index.php?rest_route=\/wp\/v2\/pages\/24\/revisions"}],"predecessor-version":[{"id":350,"href":"https:\/\/e42059.easyhosting.at\/index.php?rest_route=\/wp\/v2\/pages\/24\/revisions\/350"}],"wp:attachment":[{"href":"https:\/\/e42059.easyhosting.at\/index.php?rest_route=%2Fwp%2Fv2%2Fmedia&parent=24"}],"curies":[{"name":"wp","href":"https:\/\/api.w.org\/{rel}","templated":true}]}}