{"id":14,"date":"2021-01-27T08:11:15","date_gmt":"2021-01-27T08:11:15","guid":{"rendered":"http:\/\/e42059.easyhosting.at\/?page_id=14"},"modified":"2021-11-29T10:15:18","modified_gmt":"2021-11-29T10:15:18","slug":"produkte","status":"publish","type":"page","link":"https:\/\/e42059.easyhosting.at\/?page_id=14","title":{"rendered":"UNSERE PRODUKTE"},"content":{"rendered":"\n<div class=\"wp-block-columns is-layout-flex wp-container-core-columns-is-layout-9d6595d7 wp-block-columns-is-layout-flex\">\n<div class=\"wp-block-column is-layout-flow wp-block-column-is-layout-flow\" style=\"flex-basis:66.66%\">\n<p>Hier finden Sie eine Auswahl unseres Produktportfolios.<\/p>\n<\/div>\n\n\n\n<div class=\"wp-block-column is-layout-flow wp-block-column-is-layout-flow\" style=\"flex-basis:33.33%\"><\/div>\n<\/div>\n\n\n\n<div class=\"wp-block-columns is-layout-flex wp-container-core-columns-is-layout-9d6595d7 wp-block-columns-is-layout-flex\">\n<div class=\"wp-block-column is-layout-flow wp-block-column-is-layout-flow\">\n<figure class=\"wp-block-image size-large\"><a href=\"https:\/\/e42059.easyhosting.at\/?page_id=405\"><img loading=\"lazy\" decoding=\"async\" width=\"1024\" height=\"576\" src=\"http:\/\/e42059.easyhosting.at\/wp-content\/uploads\/2021\/11\/Bader_Zahnpflege-Kaugummi_Ingwer-1024x576.jpg\" alt=\"\" class=\"wp-image-565\" srcset=\"https:\/\/e42059.easyhosting.at\/wp-content\/uploads\/2021\/11\/Bader_Zahnpflege-Kaugummi_Ingwer-1024x576.jpg 1024w, https:\/\/e42059.easyhosting.at\/wp-content\/uploads\/2021\/11\/Bader_Zahnpflege-Kaugummi_Ingwer-300x169.jpg 300w, https:\/\/e42059.easyhosting.at\/wp-content\/uploads\/2021\/11\/Bader_Zahnpflege-Kaugummi_Ingwer-768x432.jpg 768w, https:\/\/e42059.easyhosting.at\/wp-content\/uploads\/2021\/11\/Bader_Zahnpflege-Kaugummi_Ingwer-1536x864.jpg 1536w, https:\/\/e42059.easyhosting.at\/wp-content\/uploads\/2021\/11\/Bader_Zahnpflege-Kaugummi_Ingwer.jpg 1920w\" sizes=\"auto, (max-width: 1024px) 100vw, 1024px\" \/><\/a><\/figure>\n\n\n\n<p class=\"has-text-align-center\"><a href=\"https:\/\/e42059.easyhosting.at\/?page_id=405\" data-type=\"page\" data-id=\"405\"><strong>BADERs<\/strong><\/a><br><a href=\"https:\/\/e42059.easyhosting.at\/?page_id=405\" data-type=\"page\" data-id=\"405\">Hier klicken f\u00fcr weitere Produkte<\/a><\/p>\n<\/div>\n\n\n\n<div class=\"wp-block-column is-layout-flow wp-block-column-is-layout-flow\">\n<figure class=\"wp-block-image size-large\"><a href=\"https:\/\/e42059.easyhosting.at\/?page_id=431\"><img loading=\"lazy\" decoding=\"async\" width=\"1024\" height=\"576\" src=\"http:\/\/e42059.easyhosting.at\/wp-content\/uploads\/2021\/11\/Bauers-Bitter_Kraeuter-1024x576.jpg\" alt=\"\" class=\"wp-image-567\" srcset=\"https:\/\/e42059.easyhosting.at\/wp-content\/uploads\/2021\/11\/Bauers-Bitter_Kraeuter-1024x576.jpg 1024w, https:\/\/e42059.easyhosting.at\/wp-content\/uploads\/2021\/11\/Bauers-Bitter_Kraeuter-300x169.jpg 300w, https:\/\/e42059.easyhosting.at\/wp-content\/uploads\/2021\/11\/Bauers-Bitter_Kraeuter-768x432.jpg 768w, https:\/\/e42059.easyhosting.at\/wp-content\/uploads\/2021\/11\/Bauers-Bitter_Kraeuter-1536x864.jpg 1536w, https:\/\/e42059.easyhosting.at\/wp-content\/uploads\/2021\/11\/Bauers-Bitter_Kraeuter.jpg 1920w\" sizes=\"auto, (max-width: 1024px) 100vw, 1024px\" \/><\/a><\/figure>\n\n\n\n<p class=\"has-text-align-center\"><a href=\"https:\/\/e42059.easyhosting.at\/?page_id=431\" data-type=\"page\" data-id=\"431\"><strong>Bauer&#8217;s Bitter<\/strong><\/a><br><a href=\"https:\/\/e42059.easyhosting.at\/?page_id=431\" data-type=\"page\" data-id=\"431\">Hier klicken f\u00fcr weitere Produkte<\/a><\/p>\n<\/div>\n\n\n\n<div class=\"wp-block-column is-layout-flow wp-block-column-is-layout-flow\">\n<figure class=\"wp-block-image size-large\"><a href=\"https:\/\/e42059.easyhosting.at\/?page_id=440\"><img loading=\"lazy\" decoding=\"async\" width=\"1024\" height=\"576\" src=\"http:\/\/e42059.easyhosting.at\/wp-content\/uploads\/2021\/11\/Geratherm_active-control-1024x576.jpg\" alt=\"\" class=\"wp-image-600\" srcset=\"https:\/\/e42059.easyhosting.at\/wp-content\/uploads\/2021\/11\/Geratherm_active-control-1024x576.jpg 1024w, https:\/\/e42059.easyhosting.at\/wp-content\/uploads\/2021\/11\/Geratherm_active-control-300x169.jpg 300w, https:\/\/e42059.easyhosting.at\/wp-content\/uploads\/2021\/11\/Geratherm_active-control-768x432.jpg 768w, https:\/\/e42059.easyhosting.at\/wp-content\/uploads\/2021\/11\/Geratherm_active-control-1536x864.jpg 1536w, https:\/\/e42059.easyhosting.at\/wp-content\/uploads\/2021\/11\/Geratherm_active-control.jpg 1920w\" sizes=\"auto, (max-width: 1024px) 100vw, 1024px\" \/><\/a><\/figure>\n\n\n\n<p class=\"has-text-align-center\"><a href=\"https:\/\/e42059.easyhosting.at\/?page_id=440\" data-type=\"page\" data-id=\"440\"><strong>Geratherm<\/strong><\/a><br><a href=\"https:\/\/e42059.easyhosting.at\/?page_id=440\" data-type=\"page\" data-id=\"440\">Hier klicken f\u00fcr weitere Produkte<\/a><\/p>\n<\/div>\n<\/div>\n\n\n\n<div class=\"wp-block-columns is-layout-flex wp-container-core-columns-is-layout-9d6595d7 wp-block-columns-is-layout-flex\">\n<div class=\"wp-block-column is-layout-flow wp-block-column-is-layout-flow\">\n<figure class=\"wp-block-image size-large\"><a href=\"https:\/\/e42059.easyhosting.at\/?page_id=458\"><img loading=\"lazy\" decoding=\"async\" width=\"1024\" height=\"576\" src=\"http:\/\/e42059.easyhosting.at\/wp-content\/uploads\/2021\/11\/Haemo-Balance-1024x576.jpg\" alt=\"\" class=\"wp-image-570\" srcset=\"https:\/\/e42059.easyhosting.at\/wp-content\/uploads\/2021\/11\/Haemo-Balance-1024x576.jpg 1024w, https:\/\/e42059.easyhosting.at\/wp-content\/uploads\/2021\/11\/Haemo-Balance-300x169.jpg 300w, https:\/\/e42059.easyhosting.at\/wp-content\/uploads\/2021\/11\/Haemo-Balance-768x432.jpg 768w, https:\/\/e42059.easyhosting.at\/wp-content\/uploads\/2021\/11\/Haemo-Balance-1536x864.jpg 1536w, https:\/\/e42059.easyhosting.at\/wp-content\/uploads\/2021\/11\/Haemo-Balance.jpg 1920w\" sizes=\"auto, (max-width: 1024px) 100vw, 1024px\" \/><\/a><\/figure>\n\n\n\n<p class=\"has-text-align-center\"><a href=\"https:\/\/e42059.easyhosting.at\/?page_id=458\" data-type=\"page\" data-id=\"458\"><strong>H\u00e4mo Balance<\/strong><br><meta charset=\"utf-8\"> Hier klicken f\u00fcr weitere Produkte<\/a><\/p>\n<\/div>\n\n\n\n<div class=\"wp-block-column is-layout-flow wp-block-column-is-layout-flow\">\n<figure class=\"wp-block-image size-large\"><a href=\"https:\/\/e42059.easyhosting.at\/?page_id=463\"><img loading=\"lazy\" decoding=\"async\" width=\"1024\" height=\"576\" src=\"http:\/\/e42059.easyhosting.at\/wp-content\/uploads\/2021\/11\/HelpPen-1024x576.jpg\" alt=\"\" class=\"wp-image-572\" srcset=\"https:\/\/e42059.easyhosting.at\/wp-content\/uploads\/2021\/11\/HelpPen-1024x576.jpg 1024w, https:\/\/e42059.easyhosting.at\/wp-content\/uploads\/2021\/11\/HelpPen-300x169.jpg 300w, https:\/\/e42059.easyhosting.at\/wp-content\/uploads\/2021\/11\/HelpPen-768x432.jpg 768w, https:\/\/e42059.easyhosting.at\/wp-content\/uploads\/2021\/11\/HelpPen-1536x864.jpg 1536w, https:\/\/e42059.easyhosting.at\/wp-content\/uploads\/2021\/11\/HelpPen.jpg 1920w\" sizes=\"auto, (max-width: 1024px) 100vw, 1024px\" \/><\/a><\/figure>\n\n\n\n<p class=\"has-text-align-center\"><a href=\"https:\/\/e42059.easyhosting.at\/?page_id=463\" data-type=\"page\" data-id=\"463\"><strong>helpPEN \/ petPEN<\/strong><br><meta charset=\"utf-8\"> Hier klicken f\u00fcr weitere Produkte<\/a><\/p>\n<\/div>\n\n\n\n<div class=\"wp-block-column is-layout-flow wp-block-column-is-layout-flow\">\n<figure class=\"wp-block-image size-large\"><a href=\"https:\/\/e42059.easyhosting.at\/?page_id=475\"><img loading=\"lazy\" decoding=\"async\" width=\"1024\" height=\"576\" src=\"http:\/\/e42059.easyhosting.at\/wp-content\/uploads\/2021\/11\/Kneipp_Aroma-Pflegedusche-1024x576.jpg\" alt=\"\" class=\"wp-image-642\" srcset=\"https:\/\/e42059.easyhosting.at\/wp-content\/uploads\/2021\/11\/Kneipp_Aroma-Pflegedusche-1024x576.jpg 1024w, https:\/\/e42059.easyhosting.at\/wp-content\/uploads\/2021\/11\/Kneipp_Aroma-Pflegedusche-300x169.jpg 300w, https:\/\/e42059.easyhosting.at\/wp-content\/uploads\/2021\/11\/Kneipp_Aroma-Pflegedusche-768x432.jpg 768w, https:\/\/e42059.easyhosting.at\/wp-content\/uploads\/2021\/11\/Kneipp_Aroma-Pflegedusche-1536x864.jpg 1536w, https:\/\/e42059.easyhosting.at\/wp-content\/uploads\/2021\/11\/Kneipp_Aroma-Pflegedusche.jpg 1920w\" sizes=\"auto, (max-width: 1024px) 100vw, 1024px\" \/><\/a><\/figure>\n\n\n\n<p class=\"has-text-align-center\"><a href=\"https:\/\/e42059.easyhosting.at\/?page_id=475\" data-type=\"page\" data-id=\"475\"><strong>Kneipp<\/strong><br><meta charset=\"utf-8\"> Hier klicken f\u00fcr weitere Produkte<\/a><\/p>\n<\/div>\n<\/div>\n\n\n\n<div class=\"wp-block-columns is-layout-flex wp-container-core-columns-is-layout-9d6595d7 wp-block-columns-is-layout-flex\">\n<div class=\"wp-block-column is-layout-flow wp-block-column-is-layout-flow\">\n<figure class=\"wp-block-image size-large\"><a href=\"https:\/\/e42059.easyhosting.at\/?page_id=465\"><img loading=\"lazy\" decoding=\"async\" width=\"1024\" height=\"576\" src=\"http:\/\/e42059.easyhosting.at\/wp-content\/uploads\/2021\/11\/Labiocur-1024x576.jpg\" alt=\"\" class=\"wp-image-575\" srcset=\"https:\/\/e42059.easyhosting.at\/wp-content\/uploads\/2021\/11\/Labiocur-1024x576.jpg 1024w, https:\/\/e42059.easyhosting.at\/wp-content\/uploads\/2021\/11\/Labiocur-300x169.jpg 300w, https:\/\/e42059.easyhosting.at\/wp-content\/uploads\/2021\/11\/Labiocur-768x432.jpg 768w, https:\/\/e42059.easyhosting.at\/wp-content\/uploads\/2021\/11\/Labiocur-1536x864.jpg 1536w, https:\/\/e42059.easyhosting.at\/wp-content\/uploads\/2021\/11\/Labiocur.jpg 1920w\" sizes=\"auto, (max-width: 1024px) 100vw, 1024px\" \/><\/a><\/figure>\n\n\n\n<p class=\"has-text-align-center\"><a href=\"https:\/\/e42059.easyhosting.at\/?page_id=465\" data-type=\"page\" data-id=\"465\"><strong>Labiocur<\/strong><br><meta charset=\"utf-8\"> Hier klicken f\u00fcr weitere Produkte<\/a><\/p>\n<\/div>\n\n\n\n<div class=\"wp-block-column is-layout-flow wp-block-column-is-layout-flow\">\n<figure class=\"wp-block-image size-large\"><a href=\"https:\/\/e42059.easyhosting.at\/?page_id=471\"><img loading=\"lazy\" decoding=\"async\" width=\"1024\" height=\"576\" src=\"http:\/\/e42059.easyhosting.at\/wp-content\/uploads\/2021\/11\/Parakito_Erwachsen-1024x576.jpg\" alt=\"\" class=\"wp-image-626\" srcset=\"https:\/\/e42059.easyhosting.at\/wp-content\/uploads\/2021\/11\/Parakito_Erwachsen-1024x576.jpg 1024w, https:\/\/e42059.easyhosting.at\/wp-content\/uploads\/2021\/11\/Parakito_Erwachsen-300x169.jpg 300w, https:\/\/e42059.easyhosting.at\/wp-content\/uploads\/2021\/11\/Parakito_Erwachsen-768x432.jpg 768w, https:\/\/e42059.easyhosting.at\/wp-content\/uploads\/2021\/11\/Parakito_Erwachsen-1536x864.jpg 1536w, https:\/\/e42059.easyhosting.at\/wp-content\/uploads\/2021\/11\/Parakito_Erwachsen.jpg 1920w\" sizes=\"auto, (max-width: 1024px) 100vw, 1024px\" \/><\/a><\/figure>\n\n\n\n<p class=\"has-text-align-center\"><a href=\"https:\/\/e42059.easyhosting.at\/?page_id=471\" data-type=\"page\" data-id=\"471\"><strong>PARA&#8217;KITO<\/strong><br><meta charset=\"utf-8\"> Hier klicken f\u00fcr weitere Produkte<\/a><\/p>\n<\/div>\n\n\n\n<div class=\"wp-block-column is-layout-flow wp-block-column-is-layout-flow\">\n<figure class=\"wp-block-image size-large\"><a href=\"https:\/\/e42059.easyhosting.at\/?page_id=461\"><img loading=\"lazy\" decoding=\"async\" width=\"1024\" height=\"576\" src=\"http:\/\/e42059.easyhosting.at\/wp-content\/uploads\/2021\/11\/Sandicca-1024x576.jpg\" alt=\"\" class=\"wp-image-577\" srcset=\"https:\/\/e42059.easyhosting.at\/wp-content\/uploads\/2021\/11\/Sandicca-1024x576.jpg 1024w, https:\/\/e42059.easyhosting.at\/wp-content\/uploads\/2021\/11\/Sandicca-300x169.jpg 300w, https:\/\/e42059.easyhosting.at\/wp-content\/uploads\/2021\/11\/Sandicca-768x432.jpg 768w, https:\/\/e42059.easyhosting.at\/wp-content\/uploads\/2021\/11\/Sandicca-1536x864.jpg 1536w, https:\/\/e42059.easyhosting.at\/wp-content\/uploads\/2021\/11\/Sandicca.jpg 1920w\" sizes=\"auto, (max-width: 1024px) 100vw, 1024px\" \/><\/a><\/figure>\n\n\n\n<p class=\"has-text-align-center\"><a href=\"https:\/\/e42059.easyhosting.at\/?page_id=461\" data-type=\"page\" data-id=\"461\"><strong>Sandicca<\/strong><br><meta charset=\"utf-8\"> Hier klicken f\u00fcr weitere Produkte<\/a><\/p>\n<\/div>\n<\/div>\n\n\n\n<div class=\"wp-block-columns is-layout-flex wp-container-core-columns-is-layout-9d6595d7 wp-block-columns-is-layout-flex\">\n<div class=\"wp-block-column is-layout-flow wp-block-column-is-layout-flow\">\n<figure class=\"wp-block-image size-large\"><a href=\"https:\/\/e42059.easyhosting.at\/?page_id=481\"><img loading=\"lazy\" decoding=\"async\" width=\"1024\" height=\"576\" src=\"http:\/\/e42059.easyhosting.at\/wp-content\/uploads\/2021\/11\/Viobella-1024x576.jpg\" alt=\"\" class=\"wp-image-579\" srcset=\"https:\/\/e42059.easyhosting.at\/wp-content\/uploads\/2021\/11\/Viobella-1024x576.jpg 1024w, https:\/\/e42059.easyhosting.at\/wp-content\/uploads\/2021\/11\/Viobella-300x169.jpg 300w, https:\/\/e42059.easyhosting.at\/wp-content\/uploads\/2021\/11\/Viobella-768x432.jpg 768w, https:\/\/e42059.easyhosting.at\/wp-content\/uploads\/2021\/11\/Viobella-1536x864.jpg 1536w, https:\/\/e42059.easyhosting.at\/wp-content\/uploads\/2021\/11\/Viobella.jpg 1920w\" sizes=\"auto, (max-width: 1024px) 100vw, 1024px\" \/><\/a><\/figure>\n\n\n\n<p class=\"has-text-align-center\"><a href=\"https:\/\/e42059.easyhosting.at\/?page_id=481\" data-type=\"page\" data-id=\"481\"><strong>Viobella<\/strong><br><meta charset=\"utf-8\"> Hier klicken f\u00fcr weitere Produkte<\/a><\/p>\n<\/div>\n\n\n\n<div class=\"wp-block-column is-layout-flow wp-block-column-is-layout-flow\">\n<figure class=\"wp-block-image size-large\"><a href=\"https:\/\/e42059.easyhosting.at\/?page_id=477\"><img loading=\"lazy\" decoding=\"async\" width=\"1024\" height=\"576\" src=\"http:\/\/e42059.easyhosting.at\/wp-content\/uploads\/2021\/11\/XAM_Magnesium-Spray-1024x576.jpg\" alt=\"\" class=\"wp-image-613\" srcset=\"https:\/\/e42059.easyhosting.at\/wp-content\/uploads\/2021\/11\/XAM_Magnesium-Spray-1024x576.jpg 1024w, https:\/\/e42059.easyhosting.at\/wp-content\/uploads\/2021\/11\/XAM_Magnesium-Spray-300x169.jpg 300w, https:\/\/e42059.easyhosting.at\/wp-content\/uploads\/2021\/11\/XAM_Magnesium-Spray-768x432.jpg 768w, https:\/\/e42059.easyhosting.at\/wp-content\/uploads\/2021\/11\/XAM_Magnesium-Spray-1536x864.jpg 1536w, https:\/\/e42059.easyhosting.at\/wp-content\/uploads\/2021\/11\/XAM_Magnesium-Spray.jpg 1920w\" sizes=\"auto, (max-width: 1024px) 100vw, 1024px\" \/><\/a><\/figure>\n\n\n\n<p class=\"has-text-align-center\"><a href=\"https:\/\/e42059.easyhosting.at\/?page_id=477\" data-type=\"page\" data-id=\"477\"><strong>XAM<\/strong><br><meta charset=\"utf-8\"> Hier klicken f\u00fcr weitere Produkte<\/a><\/p>\n<\/div>\n\n\n\n<div class=\"wp-block-column is-layout-flow wp-block-column-is-layout-flow\">\n<figure class=\"wp-block-image size-large\"><a href=\"https:\/\/e42059.easyhosting.at\/?page_id=479\"><img loading=\"lazy\" decoding=\"async\" width=\"1024\" height=\"576\" src=\"http:\/\/e42059.easyhosting.at\/wp-content\/uploads\/2021\/11\/Xenomed_Alk-1024x576.jpg\" alt=\"\" class=\"wp-image-615\" srcset=\"https:\/\/e42059.easyhosting.at\/wp-content\/uploads\/2021\/11\/Xenomed_Alk-1024x576.jpg 1024w, https:\/\/e42059.easyhosting.at\/wp-content\/uploads\/2021\/11\/Xenomed_Alk-300x169.jpg 300w, https:\/\/e42059.easyhosting.at\/wp-content\/uploads\/2021\/11\/Xenomed_Alk-768x432.jpg 768w, https:\/\/e42059.easyhosting.at\/wp-content\/uploads\/2021\/11\/Xenomed_Alk-1536x864.jpg 1536w, https:\/\/e42059.easyhosting.at\/wp-content\/uploads\/2021\/11\/Xenomed_Alk.jpg 1920w\" sizes=\"auto, (max-width: 1024px) 100vw, 1024px\" \/><\/a><\/figure>\n\n\n\n<p class=\"has-text-align-center\"><a href=\"https:\/\/e42059.easyhosting.at\/?page_id=479\" data-type=\"page\" data-id=\"479\"><strong>Xenomed<\/strong><br><meta charset=\"utf-8\"> Hier klicken f\u00fcr weitere Produkte<\/a><\/p>\n<\/div>\n<\/div>\n\n\n\n<p><\/p>\n","protected":false},"excerpt":{"rendered":"<p>Hier finden Sie eine Auswahl unseres Produktportfolios. BADERsHier klicken f\u00fcr weitere Produkte Bauer&#8217;s BitterHier klicken f\u00fcr weitere Produkte GerathermHier klicken f\u00fcr weitere Produkte H\u00e4mo Balance Hier klicken f\u00fcr weitere Produkte helpPEN \/ petPEN Hier klicken f\u00fcr weitere Produkte Kneipp Hier klicken f\u00fcr weitere Produkte Labiocur Hier klicken f\u00fcr weitere Produkte PARA&#8217;KITO Hier klicken f\u00fcr weitere Produkte Sandicca Hier klicken f\u00fcr [&hellip;]<\/p>\n","protected":false},"author":1,"featured_media":0,"parent":0,"menu_order":0,"comment_status":"closed","ping_status":"closed","template":"","meta":{"footnotes":""},"class_list":["post-14","page","type-page","status-publish","hentry"],"_links":{"self":[{"href":"https:\/\/e42059.easyhosting.at\/index.php?rest_route=\/wp\/v2\/pages\/14","targetHints":{"allow":["GET"]}}],"collection":[{"href":"https:\/\/e42059.easyhosting.at\/index.php?rest_route=\/wp\/v2\/pages"}],"about":[{"href":"https:\/\/e42059.easyhosting.at\/index.php?rest_route=\/wp\/v2\/types\/page"}],"author":[{"embeddable":true,"href":"https:\/\/e42059.easyhosting.at\/index.php?rest_route=\/wp\/v2\/users\/1"}],"replies":[{"embeddable":true,"href":"https:\/\/e42059.easyhosting.at\/index.php?rest_route=%2Fwp%2Fv2%2Fcomments&post=14"}],"version-history":[{"count":40,"href":"https:\/\/e42059.easyhosting.at\/index.php?rest_route=\/wp\/v2\/pages\/14\/revisions"}],"predecessor-version":[{"id":662,"href":"https:\/\/e42059.easyhosting.at\/index.php?rest_route=\/wp\/v2\/pages\/14\/revisions\/662"}],"wp:attachment":[{"href":"https:\/\/e42059.easyhosting.at\/index.php?rest_route=%2Fwp%2Fv2%2Fmedia&parent=14"}],"curies":[{"name":"wp","href":"https:\/\/api.w.org\/{rel}","templated":true}]}}