{"id":115,"date":"2021-03-01T12:56:24","date_gmt":"2021-03-01T12:56:24","guid":{"rendered":"http:\/\/e42059.easyhosting.at\/?page_id=115"},"modified":"2021-11-03T05:13:56","modified_gmt":"2021-11-03T05:13:56","slug":"vital-pharma","status":"publish","type":"page","link":"https:\/\/e42059.easyhosting.at\/?page_id=115","title":{"rendered":"VITAL PHARMA"},"content":{"rendered":"\n<div class=\"wp-block-columns is-layout-flex wp-container-core-columns-is-layout-9d6595d7 wp-block-columns-is-layout-flex\">\n<div class=\"wp-block-column is-layout-flow wp-block-column-is-layout-flow\" style=\"flex-basis:66.66%\">\n<p class=\"has-text-color\" style=\"color:#0072ce\"><strong>IHR DISTRIBUTEUR VON MEDIZINISCHEN UND PHARMAZEUTISCHEN PRODUKTEN<\/strong><\/p>\n\n\n\n<p>Wir bieten ein breites Leistungsspektrum von der Entwicklung \u00fcber den Handel bis hin zum Vertrieb von medizinischen oder pharmazeutischen Produkten. Die kontinuierliche Sortimentspflege und die laufende Weiterentwicklung haben bei uns einen entscheidenden Stellenwert. Die Gesundheit und das Wohlergehen der Menschen stehen bei uns im Mittelpunkt \u2013 besonders in dieser herausfordernden Zeit.<\/p>\n\n\n\n<p>Als wichtige Bausteine unseres Gesch\u00e4fts sehen wir die Kompetenzen unserer Mitarbeiter, die Genauigkeit und P\u00fcnktlichkeit sowie die stetige Produktverf\u00fcgbarkeit f\u00fcr unsere Kunden.<\/p>\n\n\n\n<p>F\u00fcr VITAL PHARMA ist Qualit\u00e4t mehr als nur ein Wort. Selbstverst\u00e4ndlich liefern wir zu dem gew\u00fcnschten Zeitpunkt und an den Ort, an dem Sie unsere Produkte ben\u00f6tigen. Zuverl\u00e4ssigkeit, Kompetenz, Freundlichkeit und Flexibilit\u00e4t \u2013 auch diese Qualit\u00e4tsmerkmale sind ein wesentlicher Bestandteil unseres Anspruchs an uns selbst.<\/p>\n\n\n\n<p>Uns ist der qualitative Verkauf sehr wichtig und wir sehen uns als Partner unserer Kunden, der Apotheken und der Industrie an. Wir sind fl\u00e4chendeckend in Apotheken vertreten und zum pharmazeutischen Gro\u00dfhandel pflegen wir sehr gute Kontakte. Wir pflegen langj\u00e4hrige und pers\u00f6nliche Beziehungen zu Lieferanten vor Ort. Bisher konnten wir erfolgreich Artikel aus den Bereichen Gesundheit, Diagnostik, Kosmetik und Wellness sowie Medizinprodukte und Nahrungserg\u00e4nzungsmittel einf\u00fchren.<\/p>\n\n\n\n<p>F\u00fcr die Weiterentwicklung unseres Unternehmens denken wir langfristig. Wir legen den Fokus darauf, ein ausgeglichenes Kunden- und Produktportfolio zu haben. Die Anzahl unserer Kunden und der von uns angebotenen Produkte und Dienstleistungen bauen wir best\u00e4ndig weiter aus und begegnen den wandelnden Bed\u00fcrfnissen des Marktes flexibel.<\/p>\n\n\n\n<p>Um auf die Ausbreitung des Corona-Virus entgegenzuwirken haben wir unsere Produktpalette auf die Pr\u00e4vention und den Schutz gegen Covid-19 ausgeweitet. Aktuell bieten wir FFP2-Schutzmasken \u2013 Made in Austria \u2013 in verschiedenen Farben, Antigen-Schnelltests in unterschiedlichen Ausf\u00fchrungen sowie Desinfektionsmittel in diversen Varianten an. Sch\u00fctzen Sie sich und Ihre Mitmenschen \u2013 wir unterst\u00fctzen Sie dabei individuell und stehen Ihnen als starker Partner zur Seite.<\/p>\n\n\n\n<p>Wir hoffen, dass wir Ihnen einen groben Einblick in unser Unternehmen und unsere Arbeitsabl\u00e4ufe geben konnten \u2013 f\u00fcr weitere Fragen bzw. f\u00fcr Bestellungen melden Sie sich gerne pers\u00f6nlich bei unserem Team unter der Telefonnummer +43 3332 666 999 0 oder per Mail an office@vital-pharma.at \u2013 wir freuen uns auf Ihre Anfrage!<\/p>\n<\/div>\n\n\n\n<div class=\"wp-block-column is-layout-flow wp-block-column-is-layout-flow\" style=\"flex-basis:33.33%\">\n<figure class=\"wp-block-image size-large\"><img loading=\"lazy\" decoding=\"async\" width=\"1024\" height=\"593\" src=\"http:\/\/e42059.easyhosting.at\/wp-content\/uploads\/2021\/11\/7db6de_f449dad398a5432583135849a9adb107-1024x593.webp\" alt=\"\" class=\"wp-image-367\" srcset=\"https:\/\/e42059.easyhosting.at\/wp-content\/uploads\/2021\/11\/7db6de_f449dad398a5432583135849a9adb107-1024x593.webp 1024w, https:\/\/e42059.easyhosting.at\/wp-content\/uploads\/2021\/11\/7db6de_f449dad398a5432583135849a9adb107-300x174.webp 300w, https:\/\/e42059.easyhosting.at\/wp-content\/uploads\/2021\/11\/7db6de_f449dad398a5432583135849a9adb107-768x444.webp 768w, https:\/\/e42059.easyhosting.at\/wp-content\/uploads\/2021\/11\/7db6de_f449dad398a5432583135849a9adb107.webp 1220w\" sizes=\"auto, (max-width: 1024px) 100vw, 1024px\" \/><\/figure>\n\n\n\n<figure class=\"wp-block-image size-full\"><img loading=\"lazy\" decoding=\"async\" width=\"778\" height=\"582\" src=\"http:\/\/e42059.easyhosting.at\/wp-content\/uploads\/2021\/11\/7db6de_2fcd72dd1bf54dc6a8c5f3362e283396.webp\" alt=\"\" class=\"wp-image-360\" srcset=\"https:\/\/e42059.easyhosting.at\/wp-content\/uploads\/2021\/11\/7db6de_2fcd72dd1bf54dc6a8c5f3362e283396.webp 778w, https:\/\/e42059.easyhosting.at\/wp-content\/uploads\/2021\/11\/7db6de_2fcd72dd1bf54dc6a8c5f3362e283396-300x224.webp 300w, https:\/\/e42059.easyhosting.at\/wp-content\/uploads\/2021\/11\/7db6de_2fcd72dd1bf54dc6a8c5f3362e283396-768x575.webp 768w, https:\/\/e42059.easyhosting.at\/wp-content\/uploads\/2021\/11\/7db6de_2fcd72dd1bf54dc6a8c5f3362e283396-80x60.webp 80w\" sizes=\"auto, (max-width: 778px) 100vw, 778px\" \/><\/figure>\n\n\n\n<figure class=\"wp-block-image size-full\"><img loading=\"lazy\" decoding=\"async\" width=\"894\" height=\"618\" src=\"http:\/\/e42059.easyhosting.at\/wp-content\/uploads\/2021\/11\/7db6de_8277a1902dc94c4296d07d2abebc61ff.webp\" alt=\"\" class=\"wp-image-362\" srcset=\"https:\/\/e42059.easyhosting.at\/wp-content\/uploads\/2021\/11\/7db6de_8277a1902dc94c4296d07d2abebc61ff.webp 894w, https:\/\/e42059.easyhosting.at\/wp-content\/uploads\/2021\/11\/7db6de_8277a1902dc94c4296d07d2abebc61ff-300x207.webp 300w, https:\/\/e42059.easyhosting.at\/wp-content\/uploads\/2021\/11\/7db6de_8277a1902dc94c4296d07d2abebc61ff-768x531.webp 768w\" sizes=\"auto, (max-width: 894px) 100vw, 894px\" \/><\/figure>\n\n\n\n<figure class=\"wp-block-image size-full\"><img loading=\"lazy\" decoding=\"async\" width=\"828\" height=\"618\" src=\"http:\/\/e42059.easyhosting.at\/wp-content\/uploads\/2021\/11\/7db6de_b90a0b7880ba41f983950754c30da571.webp\" alt=\"\" class=\"wp-image-364\" srcset=\"https:\/\/e42059.easyhosting.at\/wp-content\/uploads\/2021\/11\/7db6de_b90a0b7880ba41f983950754c30da571.webp 828w, https:\/\/e42059.easyhosting.at\/wp-content\/uploads\/2021\/11\/7db6de_b90a0b7880ba41f983950754c30da571-300x224.webp 300w, https:\/\/e42059.easyhosting.at\/wp-content\/uploads\/2021\/11\/7db6de_b90a0b7880ba41f983950754c30da571-768x573.webp 768w, https:\/\/e42059.easyhosting.at\/wp-content\/uploads\/2021\/11\/7db6de_b90a0b7880ba41f983950754c30da571-80x60.webp 80w\" sizes=\"auto, (max-width: 828px) 100vw, 828px\" \/><\/figure>\n<\/div>\n<\/div>\n\n\n\n<p><\/p>\n","protected":false},"excerpt":{"rendered":"<p>IHR DISTRIBUTEUR VON MEDIZINISCHEN UND PHARMAZEUTISCHEN PRODUKTEN Wir bieten ein breites Leistungsspektrum von der Entwicklung \u00fcber den Handel bis hin zum Vertrieb von medizinischen oder pharmazeutischen Produkten. Die kontinuierliche Sortimentspflege und die laufende Weiterentwicklung haben bei uns einen entscheidenden Stellenwert. Die Gesundheit und das Wohlergehen der Menschen stehen bei uns im Mittelpunkt \u2013 besonders in dieser herausfordernden Zeit. Als wichtige [&hellip;]<\/p>\n","protected":false},"author":1,"featured_media":0,"parent":0,"menu_order":0,"comment_status":"closed","ping_status":"closed","template":"","meta":{"footnotes":""},"class_list":["post-115","page","type-page","status-publish","hentry"],"_links":{"self":[{"href":"https:\/\/e42059.easyhosting.at\/index.php?rest_route=\/wp\/v2\/pages\/115","targetHints":{"allow":["GET"]}}],"collection":[{"href":"https:\/\/e42059.easyhosting.at\/index.php?rest_route=\/wp\/v2\/pages"}],"about":[{"href":"https:\/\/e42059.easyhosting.at\/index.php?rest_route=\/wp\/v2\/types\/page"}],"author":[{"embeddable":true,"href":"https:\/\/e42059.easyhosting.at\/index.php?rest_route=\/wp\/v2\/users\/1"}],"replies":[{"embeddable":true,"href":"https:\/\/e42059.easyhosting.at\/index.php?rest_route=%2Fwp%2Fv2%2Fcomments&post=115"}],"version-history":[{"count":8,"href":"https:\/\/e42059.easyhosting.at\/index.php?rest_route=\/wp\/v2\/pages\/115\/revisions"}],"predecessor-version":[{"id":374,"href":"https:\/\/e42059.easyhosting.at\/index.php?rest_route=\/wp\/v2\/pages\/115\/revisions\/374"}],"wp:attachment":[{"href":"https:\/\/e42059.easyhosting.at\/index.php?rest_route=%2Fwp%2Fv2%2Fmedia&parent=115"}],"curies":[{"name":"wp","href":"https:\/\/api.w.org\/{rel}","templated":true}]}}